{"id":977,"date":"2022-12-07T13:38:04","date_gmt":"2022-12-07T13:38:04","guid":{"rendered":"http:\/\/dummy.xtemos.com\/woodmart2\/mega-electronics-elementor\/?post_type=product&#038;p=977"},"modified":"2023-06-04T21:10:20","modified_gmt":"2023-06-04T21:10:20","slug":"apple-ipad-mini-6-wi-fi","status":"publish","type":"product","link":"https:\/\/addeara.com\/?product=apple-ipad-mini-6-wi-fi","title":{"rendered":"Turbante caribe\u00f1o"},"content":{"rendered":"\t\t<div data-elementor-type=\"wp-post\" data-elementor-id=\"977\" class=\"elementor elementor-977\" data-elementor-post-type=\"product\">\n\t\t\t\t\t\t<section class=\"wd-negative-gap elementor-section elementor-top-section elementor-element elementor-element-1fe1764 elementor-section-boxed elementor-section-height-default elementor-section-height-default\" data-id=\"1fe1764\" data-element_type=\"section\">\n\t\t\t\t\t\t<div class=\"elementor-container elementor-column-gap-default\">\n\t\t\t\t\t<div class=\"elementor-column elementor-col-100 elementor-top-column elementor-element elementor-element-0346704\" data-id=\"0346704\" data-element_type=\"column\">\n\t\t\t<div class=\"elementor-widget-wrap elementor-element-populated\">\n\t\t\t\t\t\t<div class=\"elementor-element elementor-element-48bebea wd-width-100 elementor-widget elementor-widget-wd_title\" data-id=\"48bebea\" data-element_type=\"widget\" data-widget_type=\"wd_title.default\">\n\t\t\t\t<div class=\"elementor-widget-container\">\n\t\t\t\t\t\t\t<div class=\"title-wrapper wd-set-mb reset-last-child wd-title-color-default wd-title-style-default wd-title-size-small text-left\">\n\n\t\t\t\n\t\t\t<div class=\"liner-continer\">\n\t\t\t\t<h4 class=\"woodmart-title-container title wd-fontsize-m\">macOS Monterey<\/h4> \n\t\t\t\t\t\t\t<\/div>\n\n\t\t\t\t\t<\/div>\n\t\t\t\t\t\t<\/div>\n\t\t\t\t<\/div>\n\t\t\t\t<div class=\"elementor-element elementor-element-e7ab935 elementor-widget elementor-widget-wd_text_block\" data-id=\"e7ab935\" data-element_type=\"widget\" data-widget_type=\"wd_text_block.default\">\n\t\t\t\t<div class=\"elementor-widget-container\">\n\t\t\t\t\t\t\t<div class=\"wd-text-block reset-last-child text-left\">\n\t\t\t\n\t\t\t<ul class=\"a-unordered-list a-vertical a-spacing-mini\"><li class=\"a-spacing-mini\"><span class=\"a-list-item\">100% poli\u00e9ster<\/span><\/li><li class=\"a-spacing-mini\"><span class=\"a-list-item\">Hecho en EE. UU. o importado<\/span><\/li><li class=\"a-spacing-mini\"><span class=\"a-list-item\">Cierre de El\u00e1stico<\/span><\/li><li class=\"a-spacing-mini\"><span class=\"a-list-item\">El paquete incluye: 4 envolturas el\u00e1sticas extra largas para la cabeza. Tama\u00f1o del turbante: 71 pulgadas de largo x 32 pulgadas de ancho. Muy suave, transpirable y c\u00f3modo, y adecuado para todas las estaciones.<\/span><\/li><li class=\"a-spacing-mini\"><span class=\"a-list-item\">Dise\u00f1o \u00fanico: estos pa\u00f1uelos africanos de moda est\u00e1n hechos de tela el\u00e1stica ligera de calidad. No se decolora y no se deshilacha, se puede utilizar repetidamente; tambi\u00e9n se puede utilizar como turbante o chal.<\/span><\/li><li class=\"a-spacing-mini\"><span class=\"a-list-item\">F\u00e1cil de atar: f\u00e1cil de llevar, es muy f\u00e1cil de atar firmemente. Solo tienes que envolver tu cabeza, meter los extremos, el punto el\u00e1stico proporciona un apoyo firme, no se desliza; puedes crear un aspecto elegante y encantador.<\/span><\/li><li class=\"a-spacing-mini\"><span class=\"a-list-item\">Adecuado para peinado: estas diademas son muy f\u00e1ciles de usar, adecuadas para envolver pelo de ganchillo, pelo largo, rastas y trenzas de caja, coletas altas o mo\u00f1os, etc. Adecuado para todos los tama\u00f1os de cabeza.<\/span><\/li><li class=\"a-spacing-mini\"><span class=\"a-list-item\">Ocasi\u00f3n: adecuado para mujeres y ni\u00f1as como accesorios, y para dormir por la noche. Elige para yoga, viajes, fiestas de cumplea\u00f1os, bodas, fiestas de baile, espect\u00e1culos, vida diaria al aire libre. Combina f\u00e1cilmente con todo tipo de ropa. \u00a1Ser\u00e1s una mujer de moda!<\/span><\/li><\/ul>\n\t\t\t\t\t<\/div>\n\t\t\t\t\t\t<\/div>\n\t\t\t\t<\/div>\n\t\t\t\t\t<\/div>\n\t\t<\/div>\n\t\t\t\t\t<\/div>\n\t\t<\/section>\n\t\t\t\t<\/div>\n\t\t","protected":false},"excerpt":{"rendered":"<p>PWEOUKE Turbante para la cabeza para mujeres afroamericanas, ligeros para mujeres, largos y lisos, turbante<\/p>\n","protected":false},"featured_media":10416,"comment_status":"open","ping_status":"closed","template":"","meta":[],"product_brand":[],"product_cat":[103],"product_tag":[],"class_list":{"0":"post-977","1":"product","2":"type-product","3":"status-publish","4":"has-post-thumbnail","6":"product_cat-folklore-2","8":"first","9":"instock","10":"featured","11":"shipping-taxable","12":"purchasable","13":"product-type-variable"},"yoast_head":"<!-- This site is optimized with the Yoast SEO plugin v26.7 - https:\/\/yoast.com\/wordpress\/plugins\/seo\/ -->\n<title>Turbante caribe\u00f1o - Addeara<\/title>\n<meta name=\"robots\" content=\"index, follow, max-snippet:-1, max-image-preview:large, max-video-preview:-1\" \/>\n<link rel=\"canonical\" href=\"https:\/\/addeara.com\/?product=apple-ipad-mini-6-wi-fi\" \/>\n<meta property=\"og:locale\" content=\"es_ES\" \/>\n<meta property=\"og:type\" content=\"article\" \/>\n<meta property=\"og:title\" content=\"Turbante caribe\u00f1o - Addeara\" \/>\n<meta property=\"og:description\" content=\"PWEOUKE Turbante para la cabeza para mujeres afroamericanas, ligeros para mujeres, largos y lisos, turbante\" \/>\n<meta property=\"og:url\" content=\"https:\/\/addeara.com\/?product=apple-ipad-mini-6-wi-fi\" \/>\n<meta property=\"og:site_name\" content=\"Addeara\" \/>\n<meta property=\"article:modified_time\" content=\"2023-06-04T21:10:20+00:00\" \/>\n<meta property=\"og:image\" content=\"https:\/\/addeara.com\/wp-content\/uploads\/2022\/12\/turbante.png\" \/>\n\t<meta property=\"og:image:width\" content=\"800\" \/>\n\t<meta property=\"og:image:height\" content=\"800\" \/>\n\t<meta property=\"og:image:type\" content=\"image\/png\" \/>\n<meta name=\"twitter:card\" content=\"summary_large_image\" \/>\n<meta name=\"twitter:label1\" content=\"Tiempo de lectura\" \/>\n\t<meta name=\"twitter:data1\" content=\"1 minuto\" \/>\n<script type=\"application\/ld+json\" class=\"yoast-schema-graph\">{\"@context\":\"https:\/\/schema.org\",\"@graph\":[{\"@type\":\"WebPage\",\"@id\":\"https:\/\/addeara.com\/?product=apple-ipad-mini-6-wi-fi\",\"url\":\"https:\/\/addeara.com\/?product=apple-ipad-mini-6-wi-fi\",\"name\":\"Turbante caribe\u00f1o - Addeara\",\"isPartOf\":{\"@id\":\"https:\/\/addeara.com\/#website\"},\"primaryImageOfPage\":{\"@id\":\"https:\/\/addeara.com\/?product=apple-ipad-mini-6-wi-fi#primaryimage\"},\"image\":{\"@id\":\"https:\/\/addeara.com\/?product=apple-ipad-mini-6-wi-fi#primaryimage\"},\"thumbnailUrl\":\"https:\/\/addeara.com\/wp-content\/uploads\/2022\/12\/turbante.png\",\"datePublished\":\"2022-12-07T13:38:04+00:00\",\"dateModified\":\"2023-06-04T21:10:20+00:00\",\"breadcrumb\":{\"@id\":\"https:\/\/addeara.com\/?product=apple-ipad-mini-6-wi-fi#breadcrumb\"},\"inLanguage\":\"es\",\"potentialAction\":[{\"@type\":\"ReadAction\",\"target\":[\"https:\/\/addeara.com\/?product=apple-ipad-mini-6-wi-fi\"]}]},{\"@type\":\"ImageObject\",\"inLanguage\":\"es\",\"@id\":\"https:\/\/addeara.com\/?product=apple-ipad-mini-6-wi-fi#primaryimage\",\"url\":\"https:\/\/addeara.com\/wp-content\/uploads\/2022\/12\/turbante.png\",\"contentUrl\":\"https:\/\/addeara.com\/wp-content\/uploads\/2022\/12\/turbante.png\",\"width\":800,\"height\":800},{\"@type\":\"BreadcrumbList\",\"@id\":\"https:\/\/addeara.com\/?product=apple-ipad-mini-6-wi-fi#breadcrumb\",\"itemListElement\":[{\"@type\":\"ListItem\",\"position\":1,\"name\":\"Portada\",\"item\":\"https:\/\/addeara.com\/\"},{\"@type\":\"ListItem\",\"position\":2,\"name\":\"Tienda\",\"item\":\"https:\/\/addeara.com\/?page_id=9610\"},{\"@type\":\"ListItem\",\"position\":3,\"name\":\"Turbante caribe\u00f1o\"}]},{\"@type\":\"WebSite\",\"@id\":\"https:\/\/addeara.com\/#website\",\"url\":\"https:\/\/addeara.com\/\",\"name\":\"Addeara\",\"description\":\"Addeara Shop\",\"alternateName\":\"Addeara Shop\",\"potentialAction\":[{\"@type\":\"SearchAction\",\"target\":{\"@type\":\"EntryPoint\",\"urlTemplate\":\"https:\/\/addeara.com\/?s={search_term_string}\"},\"query-input\":{\"@type\":\"PropertyValueSpecification\",\"valueRequired\":true,\"valueName\":\"search_term_string\"}}],\"inLanguage\":\"es\"}]}<\/script>\n<!-- \/ Yoast SEO plugin. -->","yoast_head_json":{"title":"Turbante caribe\u00f1o - Addeara","robots":{"index":"index","follow":"follow","max-snippet":"max-snippet:-1","max-image-preview":"max-image-preview:large","max-video-preview":"max-video-preview:-1"},"canonical":"https:\/\/addeara.com\/?product=apple-ipad-mini-6-wi-fi","og_locale":"es_ES","og_type":"article","og_title":"Turbante caribe\u00f1o - Addeara","og_description":"PWEOUKE Turbante para la cabeza para mujeres afroamericanas, ligeros para mujeres, largos y lisos, turbante","og_url":"https:\/\/addeara.com\/?product=apple-ipad-mini-6-wi-fi","og_site_name":"Addeara","article_modified_time":"2023-06-04T21:10:20+00:00","og_image":[{"width":800,"height":800,"url":"https:\/\/addeara.com\/wp-content\/uploads\/2022\/12\/turbante.png","type":"image\/png"}],"twitter_card":"summary_large_image","twitter_misc":{"Tiempo de lectura":"1 minuto"},"schema":{"@context":"https:\/\/schema.org","@graph":[{"@type":"WebPage","@id":"https:\/\/addeara.com\/?product=apple-ipad-mini-6-wi-fi","url":"https:\/\/addeara.com\/?product=apple-ipad-mini-6-wi-fi","name":"Turbante caribe\u00f1o - Addeara","isPartOf":{"@id":"https:\/\/addeara.com\/#website"},"primaryImageOfPage":{"@id":"https:\/\/addeara.com\/?product=apple-ipad-mini-6-wi-fi#primaryimage"},"image":{"@id":"https:\/\/addeara.com\/?product=apple-ipad-mini-6-wi-fi#primaryimage"},"thumbnailUrl":"https:\/\/addeara.com\/wp-content\/uploads\/2022\/12\/turbante.png","datePublished":"2022-12-07T13:38:04+00:00","dateModified":"2023-06-04T21:10:20+00:00","breadcrumb":{"@id":"https:\/\/addeara.com\/?product=apple-ipad-mini-6-wi-fi#breadcrumb"},"inLanguage":"es","potentialAction":[{"@type":"ReadAction","target":["https:\/\/addeara.com\/?product=apple-ipad-mini-6-wi-fi"]}]},{"@type":"ImageObject","inLanguage":"es","@id":"https:\/\/addeara.com\/?product=apple-ipad-mini-6-wi-fi#primaryimage","url":"https:\/\/addeara.com\/wp-content\/uploads\/2022\/12\/turbante.png","contentUrl":"https:\/\/addeara.com\/wp-content\/uploads\/2022\/12\/turbante.png","width":800,"height":800},{"@type":"BreadcrumbList","@id":"https:\/\/addeara.com\/?product=apple-ipad-mini-6-wi-fi#breadcrumb","itemListElement":[{"@type":"ListItem","position":1,"name":"Portada","item":"https:\/\/addeara.com\/"},{"@type":"ListItem","position":2,"name":"Tienda","item":"https:\/\/addeara.com\/?page_id=9610"},{"@type":"ListItem","position":3,"name":"Turbante caribe\u00f1o"}]},{"@type":"WebSite","@id":"https:\/\/addeara.com\/#website","url":"https:\/\/addeara.com\/","name":"Addeara","description":"Addeara Shop","alternateName":"Addeara Shop","potentialAction":[{"@type":"SearchAction","target":{"@type":"EntryPoint","urlTemplate":"https:\/\/addeara.com\/?s={search_term_string}"},"query-input":{"@type":"PropertyValueSpecification","valueRequired":true,"valueName":"search_term_string"}}],"inLanguage":"es"}]}},"_links":{"self":[{"href":"https:\/\/addeara.com\/index.php?rest_route=\/wp\/v2\/product\/977","targetHints":{"allow":["GET"]}}],"collection":[{"href":"https:\/\/addeara.com\/index.php?rest_route=\/wp\/v2\/product"}],"about":[{"href":"https:\/\/addeara.com\/index.php?rest_route=\/wp\/v2\/types\/product"}],"replies":[{"embeddable":true,"href":"https:\/\/addeara.com\/index.php?rest_route=%2Fwp%2Fv2%2Fcomments&post=977"}],"version-history":[{"count":0,"href":"https:\/\/addeara.com\/index.php?rest_route=\/wp\/v2\/product\/977\/revisions"}],"wp:featuredmedia":[{"embeddable":true,"href":"https:\/\/addeara.com\/index.php?rest_route=\/wp\/v2\/media\/10416"}],"wp:attachment":[{"href":"https:\/\/addeara.com\/index.php?rest_route=%2Fwp%2Fv2%2Fmedia&parent=977"}],"wp:term":[{"taxonomy":"product_brand","embeddable":true,"href":"https:\/\/addeara.com\/index.php?rest_route=%2Fwp%2Fv2%2Fproduct_brand&post=977"},{"taxonomy":"product_cat","embeddable":true,"href":"https:\/\/addeara.com\/index.php?rest_route=%2Fwp%2Fv2%2Fproduct_cat&post=977"},{"taxonomy":"product_tag","embeddable":true,"href":"https:\/\/addeara.com\/index.php?rest_route=%2Fwp%2Fv2%2Fproduct_tag&post=977"}],"curies":[{"name":"wp","href":"https:\/\/api.w.org\/{rel}","templated":true}]}}