{"id":835,"date":"2022-12-06T15:07:09","date_gmt":"2022-12-06T15:07:09","guid":{"rendered":"http:\/\/dummy.xtemos.com\/woodmart2\/mega-electronics-elementor\/?post_type=product&#038;p=835"},"modified":"2025-07-15T17:15:43","modified_gmt":"2025-07-15T17:15:43","slug":"apple-macbook-pro-16%e2%80%b3-m1-pro","status":"publish","type":"product","link":"https:\/\/addeara.com\/?product=apple-macbook-pro-16%e2%80%b3-m1-pro","title":{"rendered":"FANMIS Reloj cl\u00e1sico de cuarzo"},"content":{"rendered":"\t\t<div data-elementor-type=\"wp-post\" data-elementor-id=\"835\" class=\"elementor elementor-835\" data-elementor-post-type=\"product\">\n\t\t\t\t\t\t<section class=\"wd-negative-gap elementor-section elementor-top-section elementor-element elementor-element-1fe1764 elementor-section-boxed elementor-section-height-default elementor-section-height-default\" data-id=\"1fe1764\" data-element_type=\"section\">\n\t\t\t\t\t\t<div class=\"elementor-container elementor-column-gap-default\">\n\t\t\t\t\t<div class=\"elementor-column elementor-col-100 elementor-top-column elementor-element elementor-element-0346704\" data-id=\"0346704\" data-element_type=\"column\">\n\t\t\t<div class=\"elementor-widget-wrap elementor-element-populated\">\n\t\t\t\t\t\t<div class=\"elementor-element elementor-element-e7ab935 elementor-widget elementor-widget-wd_text_block\" data-id=\"e7ab935\" data-element_type=\"widget\" data-widget_type=\"wd_text_block.default\">\n\t\t\t\t<div class=\"elementor-widget-container\">\n\t\t\t\t\t\t\t<div class=\"wd-text-block reset-last-child text-left\">\n\t\t\t\n\t\t\t<ul class=\"a-unordered-list a-vertical a-spacing-mini\"><li class=\"a-spacing-mini\"><span class=\"a-list-item\">Hora precisa: excelente movimiento de cuarzo anal\u00f3gico que puede proporcionar una hora precisa y precisa. Bater\u00eda importada que puede proporcionar al reloj de pulsera anal\u00f3gico de cuarzo para hombre una fuerte potencia.<\/span><\/li><li class=\"a-spacing-mini\"><span class=\"a-list-item\">Duradero: vidrio de alta dureza, no es f\u00e1cil de llevar, esfera de reloj resistente a los ara\u00f1azos, cubierta de acero inoxidable a prueba de agua que hace que sea s\u00faper duradero.<\/span><\/li><li class=\"a-spacing-mini\"><span class=\"a-list-item\">C\u00f3modo y c\u00f3modo: cierre de acero inoxidable, f\u00e1cil de poner o quitar, uso m\u00e1s c\u00f3modo, manecillas luminiscentes, la noche m\u00e1s f\u00e1cil de usar relojes. La correa de acero inoxidable pulido suave proporciona una experiencia de uso c\u00f3moda y resistente al desgaste.<\/span><\/li><li class=\"a-spacing-mini\"><span class=\"a-list-item\">N\u00famero romano cl\u00e1sico: aspecto lujoso y elegante, perfecto para todo tipo de negocios, casual, actividades en interiores y uso diario.<\/span><\/li><li class=\"a-spacing-mini\"><span class=\"a-list-item\">Resistente al agua para uso diario: perfecto para todo tipo de negocios, casual, actividades en interiores o uso diario. Nota: en general, resiste salpicaduras o inmersi\u00f3n breve en agua, pero no es adecuado para nadar.<\/span><\/li><\/ul>\n\t\t\t\t\t<\/div>\n\t\t\t\t\t\t<\/div>\n\t\t\t\t<\/div>\n\t\t\t\t\t<\/div>\n\t\t<\/div>\n\t\t\t\t\t<\/div>\n\t\t<\/section>\n\t\t\t\t<\/div>\n\t\t","protected":false},"excerpt":{"rendered":"<p>FANMIiiS Reloj cl\u00e1sico de cuarzo\u00a0 casual para hombre, correa luminosa de acero inoxidable con n\u00fameros romanos<\/p>\n","protected":false},"featured_media":10446,"comment_status":"open","ping_status":"closed","template":"","meta":[],"product_brand":[],"product_cat":[93],"product_tag":[],"class_list":{"0":"post-835","1":"product","2":"type-product","3":"status-publish","4":"has-post-thumbnail","6":"product_cat-joyeria","8":"first","9":"instock","10":"featured","11":"shipping-taxable","12":"purchasable","13":"product-type-variable"},"yoast_head":"<!-- This site is optimized with the Yoast SEO plugin v26.7 - https:\/\/yoast.com\/wordpress\/plugins\/seo\/ -->\n<title>FANMIS Reloj cl\u00e1sico de cuarzo - Addeara<\/title>\n<meta name=\"robots\" content=\"index, follow, max-snippet:-1, max-image-preview:large, max-video-preview:-1\" \/>\n<link rel=\"canonical\" href=\"https:\/\/addeara.com\/?product=apple-macbook-pro-16\u2033-m1-pro\" \/>\n<meta property=\"og:locale\" content=\"es_ES\" \/>\n<meta property=\"og:type\" content=\"article\" \/>\n<meta property=\"og:title\" content=\"FANMIS Reloj cl\u00e1sico de cuarzo - Addeara\" \/>\n<meta property=\"og:description\" content=\"FANMIiiS Reloj cl\u00e1sico de cuarzo\u00a0 casual para hombre, correa luminosa de acero inoxidable con n\u00fameros romanos\" \/>\n<meta property=\"og:url\" content=\"https:\/\/addeara.com\/?product=apple-macbook-pro-16\u2033-m1-pro\" \/>\n<meta property=\"og:site_name\" content=\"Addeara\" \/>\n<meta property=\"article:modified_time\" content=\"2025-07-15T17:15:43+00:00\" \/>\n<meta property=\"og:image\" content=\"https:\/\/addeara.com\/wp-content\/uploads\/2022\/12\/u9y7tf.png\" \/>\n\t<meta property=\"og:image:width\" content=\"800\" \/>\n\t<meta property=\"og:image:height\" content=\"800\" \/>\n\t<meta property=\"og:image:type\" content=\"image\/png\" \/>\n<meta name=\"twitter:card\" content=\"summary_large_image\" \/>\n<meta name=\"twitter:label1\" content=\"Tiempo de lectura\" \/>\n\t<meta name=\"twitter:data1\" content=\"1 minuto\" \/>\n<script type=\"application\/ld+json\" class=\"yoast-schema-graph\">{\"@context\":\"https:\/\/schema.org\",\"@graph\":[{\"@type\":\"WebPage\",\"@id\":\"https:\/\/addeara.com\/?product=apple-macbook-pro-16%e2%80%b3-m1-pro\",\"url\":\"https:\/\/addeara.com\/?product=apple-macbook-pro-16%e2%80%b3-m1-pro\",\"name\":\"FANMIS Reloj cl\u00e1sico de cuarzo - Addeara\",\"isPartOf\":{\"@id\":\"https:\/\/addeara.com\/#website\"},\"primaryImageOfPage\":{\"@id\":\"https:\/\/addeara.com\/?product=apple-macbook-pro-16%e2%80%b3-m1-pro#primaryimage\"},\"image\":{\"@id\":\"https:\/\/addeara.com\/?product=apple-macbook-pro-16%e2%80%b3-m1-pro#primaryimage\"},\"thumbnailUrl\":\"https:\/\/addeara.com\/wp-content\/uploads\/2022\/12\/u9y7tf.png\",\"datePublished\":\"2022-12-06T15:07:09+00:00\",\"dateModified\":\"2025-07-15T17:15:43+00:00\",\"breadcrumb\":{\"@id\":\"https:\/\/addeara.com\/?product=apple-macbook-pro-16%e2%80%b3-m1-pro#breadcrumb\"},\"inLanguage\":\"es\",\"potentialAction\":[{\"@type\":\"ReadAction\",\"target\":[\"https:\/\/addeara.com\/?product=apple-macbook-pro-16%e2%80%b3-m1-pro\"]}]},{\"@type\":\"ImageObject\",\"inLanguage\":\"es\",\"@id\":\"https:\/\/addeara.com\/?product=apple-macbook-pro-16%e2%80%b3-m1-pro#primaryimage\",\"url\":\"https:\/\/addeara.com\/wp-content\/uploads\/2022\/12\/u9y7tf.png\",\"contentUrl\":\"https:\/\/addeara.com\/wp-content\/uploads\/2022\/12\/u9y7tf.png\",\"width\":800,\"height\":800},{\"@type\":\"BreadcrumbList\",\"@id\":\"https:\/\/addeara.com\/?product=apple-macbook-pro-16%e2%80%b3-m1-pro#breadcrumb\",\"itemListElement\":[{\"@type\":\"ListItem\",\"position\":1,\"name\":\"Portada\",\"item\":\"https:\/\/addeara.com\/\"},{\"@type\":\"ListItem\",\"position\":2,\"name\":\"Tienda\",\"item\":\"https:\/\/addeara.com\/?page_id=9610\"},{\"@type\":\"ListItem\",\"position\":3,\"name\":\"FANMIS Reloj cl\u00e1sico de cuarzo\"}]},{\"@type\":\"WebSite\",\"@id\":\"https:\/\/addeara.com\/#website\",\"url\":\"https:\/\/addeara.com\/\",\"name\":\"Addeara\",\"description\":\"Addeara Shop\",\"alternateName\":\"Addeara Shop\",\"potentialAction\":[{\"@type\":\"SearchAction\",\"target\":{\"@type\":\"EntryPoint\",\"urlTemplate\":\"https:\/\/addeara.com\/?s={search_term_string}\"},\"query-input\":{\"@type\":\"PropertyValueSpecification\",\"valueRequired\":true,\"valueName\":\"search_term_string\"}}],\"inLanguage\":\"es\"}]}<\/script>\n<!-- \/ Yoast SEO plugin. -->","yoast_head_json":{"title":"FANMIS Reloj cl\u00e1sico de cuarzo - Addeara","robots":{"index":"index","follow":"follow","max-snippet":"max-snippet:-1","max-image-preview":"max-image-preview:large","max-video-preview":"max-video-preview:-1"},"canonical":"https:\/\/addeara.com\/?product=apple-macbook-pro-16\u2033-m1-pro","og_locale":"es_ES","og_type":"article","og_title":"FANMIS Reloj cl\u00e1sico de cuarzo - Addeara","og_description":"FANMIiiS Reloj cl\u00e1sico de cuarzo\u00a0 casual para hombre, correa luminosa de acero inoxidable con n\u00fameros romanos","og_url":"https:\/\/addeara.com\/?product=apple-macbook-pro-16\u2033-m1-pro","og_site_name":"Addeara","article_modified_time":"2025-07-15T17:15:43+00:00","og_image":[{"width":800,"height":800,"url":"https:\/\/addeara.com\/wp-content\/uploads\/2022\/12\/u9y7tf.png","type":"image\/png"}],"twitter_card":"summary_large_image","twitter_misc":{"Tiempo de lectura":"1 minuto"},"schema":{"@context":"https:\/\/schema.org","@graph":[{"@type":"WebPage","@id":"https:\/\/addeara.com\/?product=apple-macbook-pro-16%e2%80%b3-m1-pro","url":"https:\/\/addeara.com\/?product=apple-macbook-pro-16%e2%80%b3-m1-pro","name":"FANMIS Reloj cl\u00e1sico de cuarzo - Addeara","isPartOf":{"@id":"https:\/\/addeara.com\/#website"},"primaryImageOfPage":{"@id":"https:\/\/addeara.com\/?product=apple-macbook-pro-16%e2%80%b3-m1-pro#primaryimage"},"image":{"@id":"https:\/\/addeara.com\/?product=apple-macbook-pro-16%e2%80%b3-m1-pro#primaryimage"},"thumbnailUrl":"https:\/\/addeara.com\/wp-content\/uploads\/2022\/12\/u9y7tf.png","datePublished":"2022-12-06T15:07:09+00:00","dateModified":"2025-07-15T17:15:43+00:00","breadcrumb":{"@id":"https:\/\/addeara.com\/?product=apple-macbook-pro-16%e2%80%b3-m1-pro#breadcrumb"},"inLanguage":"es","potentialAction":[{"@type":"ReadAction","target":["https:\/\/addeara.com\/?product=apple-macbook-pro-16%e2%80%b3-m1-pro"]}]},{"@type":"ImageObject","inLanguage":"es","@id":"https:\/\/addeara.com\/?product=apple-macbook-pro-16%e2%80%b3-m1-pro#primaryimage","url":"https:\/\/addeara.com\/wp-content\/uploads\/2022\/12\/u9y7tf.png","contentUrl":"https:\/\/addeara.com\/wp-content\/uploads\/2022\/12\/u9y7tf.png","width":800,"height":800},{"@type":"BreadcrumbList","@id":"https:\/\/addeara.com\/?product=apple-macbook-pro-16%e2%80%b3-m1-pro#breadcrumb","itemListElement":[{"@type":"ListItem","position":1,"name":"Portada","item":"https:\/\/addeara.com\/"},{"@type":"ListItem","position":2,"name":"Tienda","item":"https:\/\/addeara.com\/?page_id=9610"},{"@type":"ListItem","position":3,"name":"FANMIS Reloj cl\u00e1sico de cuarzo"}]},{"@type":"WebSite","@id":"https:\/\/addeara.com\/#website","url":"https:\/\/addeara.com\/","name":"Addeara","description":"Addeara Shop","alternateName":"Addeara Shop","potentialAction":[{"@type":"SearchAction","target":{"@type":"EntryPoint","urlTemplate":"https:\/\/addeara.com\/?s={search_term_string}"},"query-input":{"@type":"PropertyValueSpecification","valueRequired":true,"valueName":"search_term_string"}}],"inLanguage":"es"}]}},"_links":{"self":[{"href":"https:\/\/addeara.com\/index.php?rest_route=\/wp\/v2\/product\/835","targetHints":{"allow":["GET"]}}],"collection":[{"href":"https:\/\/addeara.com\/index.php?rest_route=\/wp\/v2\/product"}],"about":[{"href":"https:\/\/addeara.com\/index.php?rest_route=\/wp\/v2\/types\/product"}],"replies":[{"embeddable":true,"href":"https:\/\/addeara.com\/index.php?rest_route=%2Fwp%2Fv2%2Fcomments&post=835"}],"version-history":[{"count":0,"href":"https:\/\/addeara.com\/index.php?rest_route=\/wp\/v2\/product\/835\/revisions"}],"wp:featuredmedia":[{"embeddable":true,"href":"https:\/\/addeara.com\/index.php?rest_route=\/wp\/v2\/media\/10446"}],"wp:attachment":[{"href":"https:\/\/addeara.com\/index.php?rest_route=%2Fwp%2Fv2%2Fmedia&parent=835"}],"wp:term":[{"taxonomy":"product_brand","embeddable":true,"href":"https:\/\/addeara.com\/index.php?rest_route=%2Fwp%2Fv2%2Fproduct_brand&post=835"},{"taxonomy":"product_cat","embeddable":true,"href":"https:\/\/addeara.com\/index.php?rest_route=%2Fwp%2Fv2%2Fproduct_cat&post=835"},{"taxonomy":"product_tag","embeddable":true,"href":"https:\/\/addeara.com\/index.php?rest_route=%2Fwp%2Fv2%2Fproduct_tag&post=835"}],"curies":[{"name":"wp","href":"https:\/\/api.w.org\/{rel}","templated":true}]}}