{"id":1567,"date":"2022-12-09T15:43:10","date_gmt":"2022-12-09T15:43:10","guid":{"rendered":"http:\/\/dummy.xtemos.com\/woodmart2\/mega-electronics-elementor\/?post_type=product&#038;p=1567"},"modified":"2026-04-06T22:38:43","modified_gmt":"2026-04-06T22:38:43","slug":"ailink-aluminium-connector","status":"publish","type":"product","link":"https:\/\/addeara.com\/?product=ailink-aluminium-connector","title":{"rendered":"Sof\u00e1 Standar"},"content":{"rendered":"\t\t<div data-elementor-type=\"wp-post\" data-elementor-id=\"1567\" class=\"elementor elementor-1567\" data-elementor-post-type=\"product\">\n\t\t\t\t\t\t<section class=\"wd-negative-gap elementor-section elementor-top-section elementor-element elementor-element-a04307b elementor-section-boxed elementor-section-height-default elementor-section-height-default\" data-id=\"a04307b\" data-element_type=\"section\">\n\t\t\t\t\t\t<div class=\"elementor-container elementor-column-gap-default\">\n\t\t\t\t\t<div class=\"elementor-column elementor-col-100 elementor-top-column elementor-element elementor-element-f36512a\" data-id=\"f36512a\" data-element_type=\"column\">\n\t\t\t<div class=\"elementor-widget-wrap elementor-element-populated\">\n\t\t\t\t\t\t<div class=\"elementor-element elementor-element-5aa1b55 elementor-widget elementor-widget-wd_image_or_svg\" data-id=\"5aa1b55\" data-element_type=\"widget\" data-widget_type=\"wd_image_or_svg.default\">\n\t\t\t\t<div class=\"elementor-widget-container\">\n\t\t\t\t\t\n\t\t<div class=\"wd-image text-center\">\n\t\t\t\t\t\t\t\t<img loading=\"lazy\" decoding=\"async\" width=\"800\" height=\"800\" src=\"https:\/\/addeara.com\/wp-content\/uploads\/2022\/12\/2.png\" class=\"attachment-full size-full\" alt=\"\" srcset=\"https:\/\/addeara.com\/wp-content\/uploads\/2022\/12\/2.png 800w, https:\/\/addeara.com\/wp-content\/uploads\/2022\/12\/2-300x300.png 300w, https:\/\/addeara.com\/wp-content\/uploads\/2022\/12\/2-150x150.png 150w, https:\/\/addeara.com\/wp-content\/uploads\/2022\/12\/2-768x768.png 768w, https:\/\/addeara.com\/wp-content\/uploads\/2022\/12\/2-600x600.png 600w, https:\/\/addeara.com\/wp-content\/uploads\/2022\/12\/2-64x64.png 64w\" sizes=\"auto, (max-width: 800px) 100vw, 800px\" \/>\t\t\t\t\t<\/div>\n\n\t\t\t\t\t\t<\/div>\n\t\t\t\t<\/div>\n\t\t\t\t<div class=\"elementor-element elementor-element-f4a99f7 elementor-widget elementor-widget-wd_text_block\" data-id=\"f4a99f7\" data-element_type=\"widget\" data-widget_type=\"wd_text_block.default\">\n\t\t\t\t<div class=\"elementor-widget-container\">\n\t\t\t\t\t\t\t<div class=\"wd-text-block reset-last-child text-left\">\n\t\t\t\n\t\t\t<div id=\"twister_feature_div\" class=\"celwidget\" data-feature-name=\"twister\" data-csa-c-type=\"widget\" data-csa-c-content-id=\"twister\" data-csa-c-slot-id=\"twister_feature_div\" data-csa-c-asin=\"B09RSSFSNH\" data-csa-c-is-in-initial-active-row=\"false\" data-csa-c-id=\"299izs-rtpta7-9dynac-pkmgng\" data-cel-widget=\"twister_feature_div\"><div id=\"twisterContainer\" class=\"addTwisterMargin\"><div class=\"a-section\"><form id=\"twister\" class=\"a-spacing-small\" action=\"https:\/\/www.amazon.com\/gp\/product\" method=\"get\"><div id=\"variation_color_name\" class=\"a-section a-spacing-small\"><div class=\"a-row a-spacing-micro singleton\"><label class=\"a-form-label\">Color: Variados<\/label><\/div><\/div><\/form><\/div><\/div><\/div><div id=\"productOverview_feature_div\" class=\"celwidget\" data-feature-name=\"productOverview\" data-csa-c-type=\"widget\" data-csa-c-content-id=\"productOverview\" data-csa-c-slot-id=\"productOverview_feature_div\" data-csa-c-asin=\"B09RSSFSNH\" data-csa-c-is-in-initial-active-row=\"false\" data-csa-c-id=\"31v2il-26r50q-j8xcb6-itaiu\" data-cel-widget=\"productOverview_feature_div\"><div id=\"poExpander\" class=\"a-expander-collapsed-height a-row a-expander-container a-spacing-none a-expander-partial-collapse-container\" data-a-expander-name=\"product_overview\" data-a-expander-collapsed-height=\"210\"><div class=\"a-expander-content a-expander-partial-collapse-content a-expander-content-expanded\" aria-expanded=\"true\"><div class=\"a-section a-spacing-small a-spacing-top-small\"><table class=\"a-normal a-spacing-micro\"><tbody><tr class=\"a-spacing-small po-item_depth_width_height\"><td class=\"a-span3\"><span class=\"a-size-base a-text-bold\">Dimensiones del producto<\/span><\/td><td class=\"a-span9\"><span class=\"a-size-base po-break-word\">83,5\"D x 37,8\"W x 26,4\"H pulgadas<\/span><\/td><\/tr><tr class=\"a-spacing-small po-color\"><td class=\"a-span3\"><span class=\"a-size-base a-text-bold\">Color<\/span><\/td><td class=\"a-span9\"><span class=\"a-size-base po-break-word\">variado<\/span><\/td><\/tr><tr class=\"a-spacing-small po-brand\"><td class=\"a-span3\"><span class=\"a-size-base a-text-bold\">Marca<\/span><\/td><td class=\"a-span9\"><span class=\"a-size-base po-break-word\">Elephant in a Box<\/span><\/td><\/tr><tr class=\"a-spacing-small po-style\"><td class=\"a-span3\"><span class=\"a-size-base a-text-bold\">Estilo<\/span><\/td><td class=\"a-span9\"><span class=\"a-size-base po-break-word\">Moderno<\/span><\/td><\/tr><tr class=\"a-spacing-small po-special_feature\"><td class=\"a-span3\"><span class=\"a-size-base a-text-bold\">Caracter\u00edsticas especiales<\/span><\/td><td class=\"a-span9\"><span class=\"a-size-base po-break-word\">Funda extra\u00edble, Plegable<\/span><\/td><\/tr><tr class=\"a-spacing-small po-sofa_type\"><td class=\"a-span3\"><span class=\"a-size-base a-text-bold\">Tipo<\/span><\/td><td class=\"a-span9\"><span class=\"a-size-base po-break-word\">Est\u00e1ndar<\/span><\/td><\/tr><tr class=\"a-spacing-small po-upholstery.fabric_type\"><td class=\"a-span3\"><span class=\"a-size-base a-text-bold\">Tipo de Tela de Tapicer\u00eda<\/span><\/td><td class=\"a-span9\"><span class=\"a-size-base po-break-word\">Polyester<\/span><\/td><\/tr><tr class=\"a-spacing-small po-room_type\"><td class=\"a-span3\"><span class=\"a-size-base a-text-bold\">Tipo de sala<\/span><\/td><td class=\"a-span9\"><span class=\"a-size-base po-break-word\">Sala de estar<\/span><\/td><\/tr><tr class=\"a-spacing-small po-seating_capacity\"><td class=\"a-span3\"><span class=\"a-size-base a-text-bold\">Capacidad de asientos<\/span><\/td><td class=\"a-span9\"><span class=\"a-size-base po-break-word\">3<\/span><\/td><\/tr><tr class=\"a-spacing-small po-item_shape\"><td class=\"a-span3\"><span class=\"a-size-base a-text-bold\">Forma<\/span><\/td><td class=\"a-span9\"><span class=\"a-size-base po-break-word\">Forma de U<\/span><\/td><\/tr><\/tbody><\/table><\/div><\/div><\/div><\/div>\n\t\t\t\t\t<\/div>\n\t\t\t\t\t\t<\/div>\n\t\t\t\t<\/div>\n\t\t\t\t<div class=\"elementor-element elementor-element-fac397b elementor-widget elementor-widget-wd_image_or_svg\" data-id=\"fac397b\" data-element_type=\"widget\" data-widget_type=\"wd_image_or_svg.default\">\n\t\t\t\t<div class=\"elementor-widget-container\">\n\t\t\t\t\t\n\t\t<div class=\"wd-image text-center\">\n\t\t\t\t\t\t\t\t<img loading=\"lazy\" decoding=\"async\" width=\"800\" height=\"800\" src=\"https:\/\/addeara.com\/wp-content\/uploads\/2022\/12\/1.png\" class=\"attachment-full size-full\" alt=\"\" srcset=\"https:\/\/addeara.com\/wp-content\/uploads\/2022\/12\/1.png 800w, https:\/\/addeara.com\/wp-content\/uploads\/2022\/12\/1-300x300.png 300w, https:\/\/addeara.com\/wp-content\/uploads\/2022\/12\/1-150x150.png 150w, https:\/\/addeara.com\/wp-content\/uploads\/2022\/12\/1-768x768.png 768w, https:\/\/addeara.com\/wp-content\/uploads\/2022\/12\/1-600x600.png 600w, https:\/\/addeara.com\/wp-content\/uploads\/2022\/12\/1-64x64.png 64w\" sizes=\"auto, (max-width: 800px) 100vw, 800px\" \/>\t\t\t\t\t<\/div>\n\n\t\t\t\t\t\t<\/div>\n\t\t\t\t<\/div>\n\t\t\t\t<div class=\"elementor-element elementor-element-8b20645 elementor-widget elementor-widget-wd_text_block\" data-id=\"8b20645\" data-element_type=\"widget\" data-widget_type=\"wd_text_block.default\">\n\t\t\t\t<div class=\"elementor-widget-container\">\n\t\t\t\t\t\t\t<div class=\"wd-text-block reset-last-child text-left\">\n\t\t\t\n\t\t\t<h1 class=\"a-size-base-plus a-text-bold\">Sobre este art\u00edculo<\/h1><ul class=\"a-unordered-list a-vertical a-spacing-mini\"><li class=\"a-spacing-mini\"><span class=\"a-list-item\">Vers\u00e1til y duradero: nuestro sof\u00e1 modular es perfecto para cualquier entorno, desde la sala de estar hasta el dormitorio. Este sof\u00e1 gris tiene reposabrazos extra\u00edbles que te permiten incorporar un accesorio de escritorio, cargador USB y mucho m\u00e1s<\/span><\/li><li class=\"a-spacing-mini\"><span class=\"a-list-item\">Tama\u00f1o din\u00e1mico del sof\u00e1: 26.4 pulgadas de alto x 83.5 pulgadas de largo x 37.8 pulgadas de ancho. El peso total del sof\u00e1 es de 119 libras, por lo que es f\u00e1cil de mover.<\/span><\/li><li class=\"a-spacing-mini\"><span class=\"a-list-item\">Resistencia y durabilidad inigualables: las pruebas de laboratorio han demostrado que este es el sof\u00e1 modular m\u00e1s duro disponible. Incluso apilamos 20 bolsas de hormig\u00f3n de 80 libras en nuestro sof\u00e1 convertible y dejamos que un empleado salte sobre \u00e9l sin deformaci\u00f3n. Eso es m\u00e1s de 3000 libras<\/span><\/li><li class=\"a-spacing-mini\"><span class=\"a-list-item\">Convertible: ya sea que este sof\u00e1 modular sea para un dormitorio universitario, oficina o sala de estar, puedes adaptarlo a tus necesidades y convertirlo en una secci\u00f3n modular. Con reposabrazos extra\u00edbles, puedes ampliar tu zona de estar, a\u00f1adir un escritorio integrado, usarlo como fut\u00f3n y mucho m\u00e1s.<\/span><\/li><li class=\"a-spacing-mini\"><span class=\"a-list-item\">Tecnolog\u00eda de panal: este sof\u00e1 modular en forma de I llega en una sola caja y est\u00e1 montado con nuestro dise\u00f1o de panal expandible. Esto hace que el sof\u00e1 sea ligero y f\u00e1cil de montar, e incre\u00edblemente fuerte Es por eso que viene con una garant\u00eda de por vida.<\/span><\/li><\/ul>\n\t\t\t\t\t<\/div>\n\t\t\t\t\t\t<\/div>\n\t\t\t\t<\/div>\n\t\t\t\t\t<\/div>\n\t\t<\/div>\n\t\t\t\t\t<\/div>\n\t\t<\/section>\n\t\t\t\t<\/div>\n\t\t","protected":false},"excerpt":{"rendered":"<p id=\"title\" class=\"a-size-large a-spacing-none\"><span id=\"productTitle\" class=\"a-size-large product-title-word-break\">Elephant in a Box Sof\u00e1 din\u00e1mico, sof\u00e1 convertible para sala de estar o dormitorio, sof\u00e1 modular con f\u00e1cil instalaci\u00f3n, gris.<\/span><\/p>\n","protected":false},"featured_media":10340,"comment_status":"open","ping_status":"closed","template":"","meta":[],"product_brand":[],"product_cat":[78],"product_tag":[],"class_list":{"0":"post-1567","1":"product","2":"type-product","3":"status-publish","4":"has-post-thumbnail","6":"product_cat-hogar","8":"first","9":"instock","10":"shipping-taxable","11":"purchasable","12":"product-type-simple"},"yoast_head":"<!-- This site is optimized with the Yoast SEO plugin v26.7 - https:\/\/yoast.com\/wordpress\/plugins\/seo\/ -->\n<title>Sof\u00e1 Standar - Addeara<\/title>\n<meta name=\"robots\" content=\"index, follow, max-snippet:-1, max-image-preview:large, max-video-preview:-1\" \/>\n<link rel=\"canonical\" href=\"https:\/\/addeara.com\/?product=ailink-aluminium-connector\" \/>\n<meta property=\"og:locale\" content=\"es_ES\" \/>\n<meta property=\"og:type\" content=\"article\" \/>\n<meta property=\"og:title\" content=\"Sof\u00e1 Standar - Addeara\" \/>\n<meta property=\"og:description\" content=\"Elephant in a Box Sof\u00e1 din\u00e1mico, sof\u00e1 convertible para sala de estar o dormitorio, sof\u00e1 modular con f\u00e1cil instalaci\u00f3n, gris.\" \/>\n<meta property=\"og:url\" content=\"https:\/\/addeara.com\/?product=ailink-aluminium-connector\" \/>\n<meta property=\"og:site_name\" content=\"Addeara\" \/>\n<meta property=\"article:modified_time\" content=\"2026-04-06T22:38:43+00:00\" \/>\n<meta property=\"og:image\" content=\"https:\/\/addeara.com\/wp-content\/uploads\/2022\/12\/3.png\" \/>\n\t<meta property=\"og:image:width\" content=\"800\" \/>\n\t<meta property=\"og:image:height\" content=\"800\" \/>\n\t<meta property=\"og:image:type\" content=\"image\/png\" \/>\n<meta name=\"twitter:card\" content=\"summary_large_image\" \/>\n<meta name=\"twitter:label1\" content=\"Tiempo de lectura\" \/>\n\t<meta name=\"twitter:data1\" content=\"3 minutos\" \/>\n<script type=\"application\/ld+json\" class=\"yoast-schema-graph\">{\"@context\":\"https:\/\/schema.org\",\"@graph\":[{\"@type\":\"WebPage\",\"@id\":\"https:\/\/addeara.com\/?product=ailink-aluminium-connector\",\"url\":\"https:\/\/addeara.com\/?product=ailink-aluminium-connector\",\"name\":\"Sof\u00e1 Standar - Addeara\",\"isPartOf\":{\"@id\":\"https:\/\/addeara.com\/#website\"},\"primaryImageOfPage\":{\"@id\":\"https:\/\/addeara.com\/?product=ailink-aluminium-connector#primaryimage\"},\"image\":{\"@id\":\"https:\/\/addeara.com\/?product=ailink-aluminium-connector#primaryimage\"},\"thumbnailUrl\":\"https:\/\/addeara.com\/wp-content\/uploads\/2022\/12\/3.png\",\"datePublished\":\"2022-12-09T15:43:10+00:00\",\"dateModified\":\"2026-04-06T22:38:43+00:00\",\"breadcrumb\":{\"@id\":\"https:\/\/addeara.com\/?product=ailink-aluminium-connector#breadcrumb\"},\"inLanguage\":\"es\",\"potentialAction\":[{\"@type\":\"ReadAction\",\"target\":[\"https:\/\/addeara.com\/?product=ailink-aluminium-connector\"]}]},{\"@type\":\"ImageObject\",\"inLanguage\":\"es\",\"@id\":\"https:\/\/addeara.com\/?product=ailink-aluminium-connector#primaryimage\",\"url\":\"https:\/\/addeara.com\/wp-content\/uploads\/2022\/12\/3.png\",\"contentUrl\":\"https:\/\/addeara.com\/wp-content\/uploads\/2022\/12\/3.png\",\"width\":800,\"height\":800},{\"@type\":\"BreadcrumbList\",\"@id\":\"https:\/\/addeara.com\/?product=ailink-aluminium-connector#breadcrumb\",\"itemListElement\":[{\"@type\":\"ListItem\",\"position\":1,\"name\":\"Portada\",\"item\":\"https:\/\/addeara.com\/\"},{\"@type\":\"ListItem\",\"position\":2,\"name\":\"Tienda\",\"item\":\"https:\/\/addeara.com\/?page_id=9610\"},{\"@type\":\"ListItem\",\"position\":3,\"name\":\"Sof\u00e1 Standar\"}]},{\"@type\":\"WebSite\",\"@id\":\"https:\/\/addeara.com\/#website\",\"url\":\"https:\/\/addeara.com\/\",\"name\":\"Addeara\",\"description\":\"Addeara Shop\",\"alternateName\":\"Addeara Shop\",\"potentialAction\":[{\"@type\":\"SearchAction\",\"target\":{\"@type\":\"EntryPoint\",\"urlTemplate\":\"https:\/\/addeara.com\/?s={search_term_string}\"},\"query-input\":{\"@type\":\"PropertyValueSpecification\",\"valueRequired\":true,\"valueName\":\"search_term_string\"}}],\"inLanguage\":\"es\"}]}<\/script>\n<!-- \/ Yoast SEO plugin. -->","yoast_head_json":{"title":"Sof\u00e1 Standar - Addeara","robots":{"index":"index","follow":"follow","max-snippet":"max-snippet:-1","max-image-preview":"max-image-preview:large","max-video-preview":"max-video-preview:-1"},"canonical":"https:\/\/addeara.com\/?product=ailink-aluminium-connector","og_locale":"es_ES","og_type":"article","og_title":"Sof\u00e1 Standar - Addeara","og_description":"Elephant in a Box Sof\u00e1 din\u00e1mico, sof\u00e1 convertible para sala de estar o dormitorio, sof\u00e1 modular con f\u00e1cil instalaci\u00f3n, gris.","og_url":"https:\/\/addeara.com\/?product=ailink-aluminium-connector","og_site_name":"Addeara","article_modified_time":"2026-04-06T22:38:43+00:00","og_image":[{"width":800,"height":800,"url":"https:\/\/addeara.com\/wp-content\/uploads\/2022\/12\/3.png","type":"image\/png"}],"twitter_card":"summary_large_image","twitter_misc":{"Tiempo de lectura":"3 minutos"},"schema":{"@context":"https:\/\/schema.org","@graph":[{"@type":"WebPage","@id":"https:\/\/addeara.com\/?product=ailink-aluminium-connector","url":"https:\/\/addeara.com\/?product=ailink-aluminium-connector","name":"Sof\u00e1 Standar - Addeara","isPartOf":{"@id":"https:\/\/addeara.com\/#website"},"primaryImageOfPage":{"@id":"https:\/\/addeara.com\/?product=ailink-aluminium-connector#primaryimage"},"image":{"@id":"https:\/\/addeara.com\/?product=ailink-aluminium-connector#primaryimage"},"thumbnailUrl":"https:\/\/addeara.com\/wp-content\/uploads\/2022\/12\/3.png","datePublished":"2022-12-09T15:43:10+00:00","dateModified":"2026-04-06T22:38:43+00:00","breadcrumb":{"@id":"https:\/\/addeara.com\/?product=ailink-aluminium-connector#breadcrumb"},"inLanguage":"es","potentialAction":[{"@type":"ReadAction","target":["https:\/\/addeara.com\/?product=ailink-aluminium-connector"]}]},{"@type":"ImageObject","inLanguage":"es","@id":"https:\/\/addeara.com\/?product=ailink-aluminium-connector#primaryimage","url":"https:\/\/addeara.com\/wp-content\/uploads\/2022\/12\/3.png","contentUrl":"https:\/\/addeara.com\/wp-content\/uploads\/2022\/12\/3.png","width":800,"height":800},{"@type":"BreadcrumbList","@id":"https:\/\/addeara.com\/?product=ailink-aluminium-connector#breadcrumb","itemListElement":[{"@type":"ListItem","position":1,"name":"Portada","item":"https:\/\/addeara.com\/"},{"@type":"ListItem","position":2,"name":"Tienda","item":"https:\/\/addeara.com\/?page_id=9610"},{"@type":"ListItem","position":3,"name":"Sof\u00e1 Standar"}]},{"@type":"WebSite","@id":"https:\/\/addeara.com\/#website","url":"https:\/\/addeara.com\/","name":"Addeara","description":"Addeara Shop","alternateName":"Addeara Shop","potentialAction":[{"@type":"SearchAction","target":{"@type":"EntryPoint","urlTemplate":"https:\/\/addeara.com\/?s={search_term_string}"},"query-input":{"@type":"PropertyValueSpecification","valueRequired":true,"valueName":"search_term_string"}}],"inLanguage":"es"}]}},"_links":{"self":[{"href":"https:\/\/addeara.com\/index.php?rest_route=\/wp\/v2\/product\/1567","targetHints":{"allow":["GET"]}}],"collection":[{"href":"https:\/\/addeara.com\/index.php?rest_route=\/wp\/v2\/product"}],"about":[{"href":"https:\/\/addeara.com\/index.php?rest_route=\/wp\/v2\/types\/product"}],"replies":[{"embeddable":true,"href":"https:\/\/addeara.com\/index.php?rest_route=%2Fwp%2Fv2%2Fcomments&post=1567"}],"version-history":[{"count":0,"href":"https:\/\/addeara.com\/index.php?rest_route=\/wp\/v2\/product\/1567\/revisions"}],"wp:featuredmedia":[{"embeddable":true,"href":"https:\/\/addeara.com\/index.php?rest_route=\/wp\/v2\/media\/10340"}],"wp:attachment":[{"href":"https:\/\/addeara.com\/index.php?rest_route=%2Fwp%2Fv2%2Fmedia&parent=1567"}],"wp:term":[{"taxonomy":"product_brand","embeddable":true,"href":"https:\/\/addeara.com\/index.php?rest_route=%2Fwp%2Fv2%2Fproduct_brand&post=1567"},{"taxonomy":"product_cat","embeddable":true,"href":"https:\/\/addeara.com\/index.php?rest_route=%2Fwp%2Fv2%2Fproduct_cat&post=1567"},{"taxonomy":"product_tag","embeddable":true,"href":"https:\/\/addeara.com\/index.php?rest_route=%2Fwp%2Fv2%2Fproduct_tag&post=1567"}],"curies":[{"name":"wp","href":"https:\/\/api.w.org\/{rel}","templated":true}]}}