{"id":1529,"date":"2022-12-09T15:30:29","date_gmt":"2022-12-09T15:30:29","guid":{"rendered":"http:\/\/dummy.xtemos.com\/woodmart2\/mega-electronics-elementor\/?post_type=product&#038;p=1529"},"modified":"2026-04-08T10:10:49","modified_gmt":"2026-04-08T10:10:49","slug":"amd-ryzen-5-7600x","status":"publish","type":"product","link":"https:\/\/addeara.com\/?product=amd-ryzen-5-7600x","title":{"rendered":"Alfombra para sala de estar"},"content":{"rendered":"\t\t<div data-elementor-type=\"wp-post\" data-elementor-id=\"1529\" class=\"elementor elementor-1529\" data-elementor-post-type=\"product\">\n\t\t\t\t\t\t<section class=\"wd-negative-gap elementor-section elementor-top-section elementor-element elementor-element-334f51d elementor-section-boxed elementor-section-height-default elementor-section-height-default\" data-id=\"334f51d\" data-element_type=\"section\">\n\t\t\t\t\t\t<div class=\"elementor-container elementor-column-gap-default\">\n\t\t\t\t\t<div class=\"elementor-column elementor-col-100 elementor-top-column elementor-element elementor-element-f4578fc\" data-id=\"f4578fc\" data-element_type=\"column\">\n\t\t\t<div class=\"elementor-widget-wrap elementor-element-populated\">\n\t\t\t\t\t\t<div class=\"elementor-element elementor-element-f86bed1 elementor-widget elementor-widget-wd_image_or_svg\" data-id=\"f86bed1\" data-element_type=\"widget\" data-widget_type=\"wd_image_or_svg.default\">\n\t\t\t\t<div class=\"elementor-widget-container\">\n\t\t\t\t\t\n\t\t<div class=\"wd-image text-center\">\n\t\t\t\t\t\t\t\t<img loading=\"lazy\" decoding=\"async\" width=\"800\" height=\"800\" src=\"https:\/\/addeara.com\/wp-content\/uploads\/2022\/12\/6.png\" class=\"attachment-full size-full\" alt=\"\" srcset=\"https:\/\/addeara.com\/wp-content\/uploads\/2022\/12\/6.png 800w, https:\/\/addeara.com\/wp-content\/uploads\/2022\/12\/6-300x300.png 300w, https:\/\/addeara.com\/wp-content\/uploads\/2022\/12\/6-150x150.png 150w, https:\/\/addeara.com\/wp-content\/uploads\/2022\/12\/6-768x768.png 768w, https:\/\/addeara.com\/wp-content\/uploads\/2022\/12\/6-600x600.png 600w, https:\/\/addeara.com\/wp-content\/uploads\/2022\/12\/6-80x80.png 80w, https:\/\/addeara.com\/wp-content\/uploads\/2022\/12\/6-64x64.png 64w\" sizes=\"auto, (max-width: 800px) 100vw, 800px\" \/>\t\t\t\t\t<\/div>\n\n\t\t\t\t\t\t<\/div>\n\t\t\t\t<\/div>\n\t\t\t\t<div class=\"elementor-element elementor-element-6eddf0a elementor-widget elementor-widget-wd_text_block\" data-id=\"6eddf0a\" data-element_type=\"widget\" data-widget_type=\"wd_text_block.default\">\n\t\t\t\t<div class=\"elementor-widget-container\">\n\t\t\t\t\t\t\t<div class=\"wd-text-block reset-last-child text-left\">\n\t\t\t\n\t\t\t<h1 class=\"a-size-base-plus a-text-bold\">Sobre este art\u00edculo<\/h1><ul class=\"a-unordered-list a-vertical a-spacing-mini\"><li class=\"a-spacing-mini\"><span class=\"a-list-item\">100% poli\u00e9ster<\/span><\/li><li class=\"a-spacing-mini\"><span class=\"a-list-item\">Hecho en EE. UU. o importado<\/span><\/li><li class=\"a-spacing-mini\"><span class=\"a-list-item\">Alfombra ultrasuave: cuenta con una superficie de alfombra peluda de 1.57 pulgadas, la alfombra suave Ophanie es incre\u00edblemente suave con una capa intermedia de esponja de alta densidad. No m\u00e1s pelo sint\u00e9tico y una parte inferior antideslizante mejorada: los puntos antideslizantes peque\u00f1os y duraderos de alta densidad en la parte inferior mejoran la fricci\u00f3n para evitar que se deslice. No hay necesidad de una almohadilla adicional debajo. Nota: el agua debajo de la alfombra puede causar que se deslice. Mant\u00e9n la parte inferior de la alfombra seca.<\/span><\/li><li class=\"a-spacing-mini\"><span class=\"a-list-item\">Estilo que funciona: esta alfombra es perfecta para ese aspecto de alfombra superpuesto, un componente de dise\u00f1o esencial de Hygge (eso es lo que el dan\u00e9s llama esa sensaci\u00f3n c\u00e1lida y acogedora. La definici\u00f3n completa de Hygge es: una comodidad y comodidad c\u00f3moda que genera una sensaci\u00f3n de satisfacci\u00f3n o bienestar) Los dise\u00f1adores est\u00e1n de acuerdo en que las alfombras de capas funcionan mejor en habitaciones sin muchos muebles, como una oficina, dormitorio, sala de estar o estudio. Intenta mezclar una alfombra de color s\u00f3lido como esta con una alfombra estampada de pelo inferior.<\/span><\/li><li class=\"a-spacing-mini\"><span class=\"a-list-item\">Materiales seguros: esta alfombra extremadamente suave y aterciopelada est\u00e1 hecha de material de poli\u00e9ster no t\u00f3xico, hipoalerg\u00e9nico, por lo que es perfecta para personas con piel sensible o alergias. Si\u00e9ntete libre de relajarte en la alfombra Son ideales para caminar descalzo y perfectos para el tiempo boca abajo para los beb\u00e9s. Las alfombras son aptas para ni\u00f1os y mascotas<\/span><\/li><li class=\"a-spacing-mini\"><span class=\"a-list-item\">Dise\u00f1o moderno: la alfombra Ophanie est\u00e1 dise\u00f1ada con una sensaci\u00f3n de lujo, suave al tacto, c\u00e1lida y hermosa, agradable al tacto. Cada alfombra con dise\u00f1o simple en un color s\u00f3lido convierte tu habitaci\u00f3n en un espacio acogedor. Esta alfombra peluda con hermoso color es una opci\u00f3n ideal para la decoraci\u00f3n del hogar. Es perfecto para la sala de estar, dormitorio, guarder\u00eda, habitaci\u00f3n de los ni\u00f1os, habitaci\u00f3n de las ni\u00f1as, habitaci\u00f3n del beb\u00e9, sala de juegos.<\/span><\/li><li class=\"a-spacing-mini\"><span class=\"a-list-item\">Eleva el dormitorio de tu estudiante: ir a la universidad es una gran transici\u00f3n. Estas alfombras pueden proporcionar un lugar suave para aterrizar en la casa de tu estudiante lejos de casa. Si necesita algo para a\u00f1adir un poco de comodidad a un entorno est\u00e9ril, estas alfombras vienen en los tama\u00f1os adecuados para ser el complemento perfecto para cualquier dormitorio, y son f\u00e1ciles de poner en el bolsillo, lo que las hace perfectas para el presupuesto de un estudiante universitario<\/span><\/li><\/ul>\n\t\t\t\t\t<\/div>\n\t\t\t\t\t\t<\/div>\n\t\t\t\t<\/div>\n\t\t\t\t\t<\/div>\n\t\t<\/div>\n\t\t\t\t\t<\/div>\n\t\t<\/section>\n\t\t\t\t<\/div>\n\t\t","protected":false},"excerpt":{"rendered":"<p id=\"title\" class=\"a-size-large a-spacing-none\"><span id=\"productTitle\" class=\"a-size-large product-title-word-break\">Alfombras para sala de estar, de 5 x 8 pies, color gris, mullidas y peludas, de felpa, suave, para el suelo, para dormitorio, decoraci\u00f3n del hogar de los ni\u00f1os, est\u00e9tica, guarder\u00eda<\/span><\/p>\n","protected":false},"featured_media":10356,"comment_status":"open","ping_status":"closed","template":"","meta":[],"product_brand":[],"product_cat":[78],"product_tag":[],"class_list":{"0":"post-1529","1":"product","2":"type-product","3":"status-publish","4":"has-post-thumbnail","6":"product_cat-hogar","8":"first","9":"instock","10":"featured","11":"shipping-taxable","12":"purchasable","13":"product-type-simple"},"yoast_head":"<!-- This site is optimized with the Yoast SEO plugin v26.7 - https:\/\/yoast.com\/wordpress\/plugins\/seo\/ -->\n<title>Alfombra para sala de estar - Addeara<\/title>\n<meta name=\"robots\" content=\"index, follow, max-snippet:-1, max-image-preview:large, max-video-preview:-1\" \/>\n<link rel=\"canonical\" href=\"https:\/\/addeara.com\/?product=amd-ryzen-5-7600x\" \/>\n<meta property=\"og:locale\" content=\"es_ES\" \/>\n<meta property=\"og:type\" content=\"article\" \/>\n<meta property=\"og:title\" content=\"Alfombra para sala de estar - Addeara\" \/>\n<meta property=\"og:description\" content=\"Alfombras para sala de estar, de 5 x 8 pies, color gris, mullidas y peludas, de felpa, suave, para el suelo, para dormitorio, decoraci\u00f3n del hogar de los ni\u00f1os, est\u00e9tica, guarder\u00eda\" \/>\n<meta property=\"og:url\" content=\"https:\/\/addeara.com\/?product=amd-ryzen-5-7600x\" \/>\n<meta property=\"og:site_name\" content=\"Addeara\" \/>\n<meta property=\"article:modified_time\" content=\"2026-04-08T10:10:49+00:00\" \/>\n<meta property=\"og:image\" content=\"https:\/\/addeara.com\/wp-content\/uploads\/2022\/12\/7.png\" \/>\n\t<meta property=\"og:image:width\" content=\"800\" \/>\n\t<meta property=\"og:image:height\" content=\"800\" \/>\n\t<meta property=\"og:image:type\" content=\"image\/png\" \/>\n<meta name=\"twitter:card\" content=\"summary_large_image\" \/>\n<meta name=\"twitter:label1\" content=\"Tiempo de lectura\" \/>\n\t<meta name=\"twitter:data1\" content=\"2 minutos\" \/>\n<script type=\"application\/ld+json\" class=\"yoast-schema-graph\">{\"@context\":\"https:\/\/schema.org\",\"@graph\":[{\"@type\":\"WebPage\",\"@id\":\"https:\/\/addeara.com\/?product=amd-ryzen-5-7600x\",\"url\":\"https:\/\/addeara.com\/?product=amd-ryzen-5-7600x\",\"name\":\"Alfombra para sala de estar - Addeara\",\"isPartOf\":{\"@id\":\"https:\/\/addeara.com\/#website\"},\"primaryImageOfPage\":{\"@id\":\"https:\/\/addeara.com\/?product=amd-ryzen-5-7600x#primaryimage\"},\"image\":{\"@id\":\"https:\/\/addeara.com\/?product=amd-ryzen-5-7600x#primaryimage\"},\"thumbnailUrl\":\"https:\/\/addeara.com\/wp-content\/uploads\/2022\/12\/7.png\",\"datePublished\":\"2022-12-09T15:30:29+00:00\",\"dateModified\":\"2026-04-08T10:10:49+00:00\",\"breadcrumb\":{\"@id\":\"https:\/\/addeara.com\/?product=amd-ryzen-5-7600x#breadcrumb\"},\"inLanguage\":\"es\",\"potentialAction\":[{\"@type\":\"ReadAction\",\"target\":[\"https:\/\/addeara.com\/?product=amd-ryzen-5-7600x\"]}]},{\"@type\":\"ImageObject\",\"inLanguage\":\"es\",\"@id\":\"https:\/\/addeara.com\/?product=amd-ryzen-5-7600x#primaryimage\",\"url\":\"https:\/\/addeara.com\/wp-content\/uploads\/2022\/12\/7.png\",\"contentUrl\":\"https:\/\/addeara.com\/wp-content\/uploads\/2022\/12\/7.png\",\"width\":800,\"height\":800},{\"@type\":\"BreadcrumbList\",\"@id\":\"https:\/\/addeara.com\/?product=amd-ryzen-5-7600x#breadcrumb\",\"itemListElement\":[{\"@type\":\"ListItem\",\"position\":1,\"name\":\"Portada\",\"item\":\"https:\/\/addeara.com\/\"},{\"@type\":\"ListItem\",\"position\":2,\"name\":\"Tienda\",\"item\":\"https:\/\/addeara.com\/?page_id=9610\"},{\"@type\":\"ListItem\",\"position\":3,\"name\":\"Alfombra para sala de estar\"}]},{\"@type\":\"WebSite\",\"@id\":\"https:\/\/addeara.com\/#website\",\"url\":\"https:\/\/addeara.com\/\",\"name\":\"Addeara\",\"description\":\"Addeara Shop\",\"alternateName\":\"Addeara Shop\",\"potentialAction\":[{\"@type\":\"SearchAction\",\"target\":{\"@type\":\"EntryPoint\",\"urlTemplate\":\"https:\/\/addeara.com\/?s={search_term_string}\"},\"query-input\":{\"@type\":\"PropertyValueSpecification\",\"valueRequired\":true,\"valueName\":\"search_term_string\"}}],\"inLanguage\":\"es\"}]}<\/script>\n<!-- \/ Yoast SEO plugin. -->","yoast_head_json":{"title":"Alfombra para sala de estar - Addeara","robots":{"index":"index","follow":"follow","max-snippet":"max-snippet:-1","max-image-preview":"max-image-preview:large","max-video-preview":"max-video-preview:-1"},"canonical":"https:\/\/addeara.com\/?product=amd-ryzen-5-7600x","og_locale":"es_ES","og_type":"article","og_title":"Alfombra para sala de estar - Addeara","og_description":"Alfombras para sala de estar, de 5 x 8 pies, color gris, mullidas y peludas, de felpa, suave, para el suelo, para dormitorio, decoraci\u00f3n del hogar de los ni\u00f1os, est\u00e9tica, guarder\u00eda","og_url":"https:\/\/addeara.com\/?product=amd-ryzen-5-7600x","og_site_name":"Addeara","article_modified_time":"2026-04-08T10:10:49+00:00","og_image":[{"width":800,"height":800,"url":"https:\/\/addeara.com\/wp-content\/uploads\/2022\/12\/7.png","type":"image\/png"}],"twitter_card":"summary_large_image","twitter_misc":{"Tiempo de lectura":"2 minutos"},"schema":{"@context":"https:\/\/schema.org","@graph":[{"@type":"WebPage","@id":"https:\/\/addeara.com\/?product=amd-ryzen-5-7600x","url":"https:\/\/addeara.com\/?product=amd-ryzen-5-7600x","name":"Alfombra para sala de estar - Addeara","isPartOf":{"@id":"https:\/\/addeara.com\/#website"},"primaryImageOfPage":{"@id":"https:\/\/addeara.com\/?product=amd-ryzen-5-7600x#primaryimage"},"image":{"@id":"https:\/\/addeara.com\/?product=amd-ryzen-5-7600x#primaryimage"},"thumbnailUrl":"https:\/\/addeara.com\/wp-content\/uploads\/2022\/12\/7.png","datePublished":"2022-12-09T15:30:29+00:00","dateModified":"2026-04-08T10:10:49+00:00","breadcrumb":{"@id":"https:\/\/addeara.com\/?product=amd-ryzen-5-7600x#breadcrumb"},"inLanguage":"es","potentialAction":[{"@type":"ReadAction","target":["https:\/\/addeara.com\/?product=amd-ryzen-5-7600x"]}]},{"@type":"ImageObject","inLanguage":"es","@id":"https:\/\/addeara.com\/?product=amd-ryzen-5-7600x#primaryimage","url":"https:\/\/addeara.com\/wp-content\/uploads\/2022\/12\/7.png","contentUrl":"https:\/\/addeara.com\/wp-content\/uploads\/2022\/12\/7.png","width":800,"height":800},{"@type":"BreadcrumbList","@id":"https:\/\/addeara.com\/?product=amd-ryzen-5-7600x#breadcrumb","itemListElement":[{"@type":"ListItem","position":1,"name":"Portada","item":"https:\/\/addeara.com\/"},{"@type":"ListItem","position":2,"name":"Tienda","item":"https:\/\/addeara.com\/?page_id=9610"},{"@type":"ListItem","position":3,"name":"Alfombra para sala de estar"}]},{"@type":"WebSite","@id":"https:\/\/addeara.com\/#website","url":"https:\/\/addeara.com\/","name":"Addeara","description":"Addeara Shop","alternateName":"Addeara Shop","potentialAction":[{"@type":"SearchAction","target":{"@type":"EntryPoint","urlTemplate":"https:\/\/addeara.com\/?s={search_term_string}"},"query-input":{"@type":"PropertyValueSpecification","valueRequired":true,"valueName":"search_term_string"}}],"inLanguage":"es"}]}},"_links":{"self":[{"href":"https:\/\/addeara.com\/index.php?rest_route=\/wp\/v2\/product\/1529","targetHints":{"allow":["GET"]}}],"collection":[{"href":"https:\/\/addeara.com\/index.php?rest_route=\/wp\/v2\/product"}],"about":[{"href":"https:\/\/addeara.com\/index.php?rest_route=\/wp\/v2\/types\/product"}],"replies":[{"embeddable":true,"href":"https:\/\/addeara.com\/index.php?rest_route=%2Fwp%2Fv2%2Fcomments&post=1529"}],"version-history":[{"count":0,"href":"https:\/\/addeara.com\/index.php?rest_route=\/wp\/v2\/product\/1529\/revisions"}],"wp:featuredmedia":[{"embeddable":true,"href":"https:\/\/addeara.com\/index.php?rest_route=\/wp\/v2\/media\/10356"}],"wp:attachment":[{"href":"https:\/\/addeara.com\/index.php?rest_route=%2Fwp%2Fv2%2Fmedia&parent=1529"}],"wp:term":[{"taxonomy":"product_brand","embeddable":true,"href":"https:\/\/addeara.com\/index.php?rest_route=%2Fwp%2Fv2%2Fproduct_brand&post=1529"},{"taxonomy":"product_cat","embeddable":true,"href":"https:\/\/addeara.com\/index.php?rest_route=%2Fwp%2Fv2%2Fproduct_cat&post=1529"},{"taxonomy":"product_tag","embeddable":true,"href":"https:\/\/addeara.com\/index.php?rest_route=%2Fwp%2Fv2%2Fproduct_tag&post=1529"}],"curies":[{"name":"wp","href":"https:\/\/api.w.org\/{rel}","templated":true}]}}