{"id":1408,"date":"2022-12-09T14:34:58","date_gmt":"2022-12-09T14:34:58","guid":{"rendered":"http:\/\/dummy.xtemos.com\/woodmart2\/mega-electronics-elementor\/?post_type=product&#038;p=1408"},"modified":"2023-07-26T16:37:13","modified_gmt":"2023-07-26T16:37:13","slug":"alogic-ultra-mini-usb","status":"publish","type":"product","link":"https:\/\/addeara.com\/?product=alogic-ultra-mini-usb","title":{"rendered":"Shampoo TRESemm\u00e9"},"content":{"rendered":"\t\t<div data-elementor-type=\"wp-post\" data-elementor-id=\"1408\" class=\"elementor elementor-1408\" data-elementor-post-type=\"product\">\n\t\t\t\t\t\t<section class=\"wd-negative-gap elementor-section elementor-top-section elementor-element elementor-element-866c39c elementor-section-boxed elementor-section-height-default elementor-section-height-default\" data-id=\"866c39c\" data-element_type=\"section\">\n\t\t\t\t\t\t<div class=\"elementor-container elementor-column-gap-default\">\n\t\t\t\t\t<div class=\"elementor-column elementor-col-100 elementor-top-column elementor-element elementor-element-94195d8\" data-id=\"94195d8\" data-element_type=\"column\">\n\t\t\t<div class=\"elementor-widget-wrap elementor-element-populated\">\n\t\t\t\t\t\t<div class=\"elementor-element elementor-element-54a7007 elementor-widget elementor-widget-wd_text_block\" data-id=\"54a7007\" data-element_type=\"widget\" data-widget_type=\"wd_text_block.default\">\n\t\t\t\t<div class=\"elementor-widget-container\">\n\t\t\t\t\t\t\t<div class=\"wd-text-block reset-last-child text-left\">\n\t\t\t\n\t\t\t<h1 class=\"a-size-base-plus a-text-bold\">Sobre este art\u00edculo<\/h1><ul class=\"a-unordered-list a-vertical a-spacing-mini\"><li class=\"a-spacing-mini\"><span class=\"a-list-item\">Revive el cabello seco y da\u00f1ado: el champ\u00fa TRESemm\u00e9 Moisture Rich Hair Care para cabello seco ofrece una hidrataci\u00f3n optimizada que se dirige a la sequedad y bloquea la humedad donde m\u00e1s lo necesita tu cabello<\/span><\/li><li class=\"a-spacing-mini\"><span class=\"a-list-item\">Restaura la vibraci\u00f3n: este suave champ\u00fa hidratante est\u00e1 formulado con vitamina E y biotina para ayudar a suavizar el cabello sin pesarlo<\/span><\/li><li class=\"a-spacing-mini\"><span class=\"a-list-item\">Sistema de hidrataci\u00f3n avanzado: nuestro champ\u00fa hidratante ofrece una hidrataci\u00f3n optimizada que se dirige a la sequedad donde m\u00e1s lo necesita tu cabello<\/span><\/li><li class=\"a-spacing-mini\"><span class=\"a-list-item\">Champ\u00fa que ofrece: TRESemm\u00e9 ayuda a revivir el cabello seco con humectantes suaves para un cabello suave al tacto con brillo de aspecto profesional que dura d\u00edas<\/span><\/li><li class=\"a-spacing-mini\"><span class=\"a-list-item\">M\u00e1s que productos para el cabello: TRESemm\u00e9 se compromete a avanzar en la pr\u00f3xima generaci\u00f3n de l\u00edderes femeninas creando un impulso intencional hacia adelante. Descubre m\u00e1s sobre c\u00f3mo No.WomenLeadTheWay<\/span><\/li><li class=\"a-spacing-mini\"><span class=\"a-list-item\">Mima tu cabello: disfruta de los productos para el cabello TRESemm\u00e9 Moisture Rich (desde una m\u00e1scara acondicionadora hasta un spray desenredante) para crear hermosos estilos sobre la marcha sin el precio pesado<\/span><\/li><\/ul>\n\t\t\t\t\t<\/div>\n\t\t\t\t\t\t<\/div>\n\t\t\t\t<\/div>\n\t\t\t\t\t<\/div>\n\t\t<\/div>\n\t\t\t\t\t<\/div>\n\t\t<\/section>\n\t\t\t\t<\/div>\n\t\t","protected":false},"excerpt":{"rendered":"<p id=\"title\" class=\"a-size-large a-spacing-none\"><span id=\"productTitle\" class=\"a-size-large product-title-word-break\">Champ\u00fa para cabello seco, rico en humedad, de calidad profesional, aspecto saludable y brillante, rico en humedad, formulado con vitamina E y biotina, 28 onzas l\u00edquidas (paquete de 3)<\/span><\/p>\n","protected":false},"featured_media":10395,"comment_status":"open","ping_status":"closed","template":"","meta":[],"product_brand":[],"product_cat":[56],"product_tag":[],"class_list":{"0":"post-1408","1":"product","2":"type-product","3":"status-publish","4":"has-post-thumbnail","6":"product_cat-belleza-y-salud","8":"first","9":"instock","10":"featured","11":"shipping-taxable","12":"purchasable","13":"product-type-simple"},"yoast_head":"<!-- This site is optimized with the Yoast SEO plugin v26.7 - https:\/\/yoast.com\/wordpress\/plugins\/seo\/ -->\n<title>Shampoo TRESemm\u00e9 - Addeara<\/title>\n<meta name=\"robots\" content=\"index, follow, max-snippet:-1, max-image-preview:large, max-video-preview:-1\" \/>\n<link rel=\"canonical\" href=\"https:\/\/addeara.com\/?product=alogic-ultra-mini-usb\" \/>\n<meta property=\"og:locale\" content=\"es_ES\" \/>\n<meta property=\"og:type\" content=\"article\" \/>\n<meta property=\"og:title\" content=\"Shampoo TRESemm\u00e9 - Addeara\" \/>\n<meta property=\"og:description\" content=\"Champ\u00fa para cabello seco, rico en humedad, de calidad profesional, aspecto saludable y brillante, rico en humedad, formulado con vitamina E y biotina, 28 onzas l\u00edquidas (paquete de 3)\" \/>\n<meta property=\"og:url\" content=\"https:\/\/addeara.com\/?product=alogic-ultra-mini-usb\" \/>\n<meta property=\"og:site_name\" content=\"Addeara\" \/>\n<meta property=\"article:modified_time\" content=\"2023-07-26T16:37:13+00:00\" \/>\n<meta property=\"og:image\" content=\"https:\/\/addeara.com\/wp-content\/uploads\/2022\/12\/shampooterved.jpg\" \/>\n\t<meta property=\"og:image:width\" content=\"210\" \/>\n\t<meta property=\"og:image:height\" content=\"240\" \/>\n\t<meta property=\"og:image:type\" content=\"image\/jpeg\" \/>\n<meta name=\"twitter:card\" content=\"summary_large_image\" \/>\n<meta name=\"twitter:label1\" content=\"Tiempo de lectura\" \/>\n\t<meta name=\"twitter:data1\" content=\"1 minuto\" \/>\n<script type=\"application\/ld+json\" class=\"yoast-schema-graph\">{\"@context\":\"https:\/\/schema.org\",\"@graph\":[{\"@type\":\"WebPage\",\"@id\":\"https:\/\/addeara.com\/?product=alogic-ultra-mini-usb\",\"url\":\"https:\/\/addeara.com\/?product=alogic-ultra-mini-usb\",\"name\":\"Shampoo TRESemm\u00e9 - Addeara\",\"isPartOf\":{\"@id\":\"https:\/\/addeara.com\/#website\"},\"primaryImageOfPage\":{\"@id\":\"https:\/\/addeara.com\/?product=alogic-ultra-mini-usb#primaryimage\"},\"image\":{\"@id\":\"https:\/\/addeara.com\/?product=alogic-ultra-mini-usb#primaryimage\"},\"thumbnailUrl\":\"https:\/\/addeara.com\/wp-content\/uploads\/2022\/12\/shampooterved.jpg\",\"datePublished\":\"2022-12-09T14:34:58+00:00\",\"dateModified\":\"2023-07-26T16:37:13+00:00\",\"breadcrumb\":{\"@id\":\"https:\/\/addeara.com\/?product=alogic-ultra-mini-usb#breadcrumb\"},\"inLanguage\":\"es\",\"potentialAction\":[{\"@type\":\"ReadAction\",\"target\":[\"https:\/\/addeara.com\/?product=alogic-ultra-mini-usb\"]}]},{\"@type\":\"ImageObject\",\"inLanguage\":\"es\",\"@id\":\"https:\/\/addeara.com\/?product=alogic-ultra-mini-usb#primaryimage\",\"url\":\"https:\/\/addeara.com\/wp-content\/uploads\/2022\/12\/shampooterved.jpg\",\"contentUrl\":\"https:\/\/addeara.com\/wp-content\/uploads\/2022\/12\/shampooterved.jpg\",\"width\":210,\"height\":240},{\"@type\":\"BreadcrumbList\",\"@id\":\"https:\/\/addeara.com\/?product=alogic-ultra-mini-usb#breadcrumb\",\"itemListElement\":[{\"@type\":\"ListItem\",\"position\":1,\"name\":\"Portada\",\"item\":\"https:\/\/addeara.com\/\"},{\"@type\":\"ListItem\",\"position\":2,\"name\":\"Tienda\",\"item\":\"https:\/\/addeara.com\/?page_id=9610\"},{\"@type\":\"ListItem\",\"position\":3,\"name\":\"Shampoo TRESemm\u00e9\"}]},{\"@type\":\"WebSite\",\"@id\":\"https:\/\/addeara.com\/#website\",\"url\":\"https:\/\/addeara.com\/\",\"name\":\"Addeara\",\"description\":\"Addeara Shop\",\"alternateName\":\"Addeara Shop\",\"potentialAction\":[{\"@type\":\"SearchAction\",\"target\":{\"@type\":\"EntryPoint\",\"urlTemplate\":\"https:\/\/addeara.com\/?s={search_term_string}\"},\"query-input\":{\"@type\":\"PropertyValueSpecification\",\"valueRequired\":true,\"valueName\":\"search_term_string\"}}],\"inLanguage\":\"es\"}]}<\/script>\n<!-- \/ Yoast SEO plugin. -->","yoast_head_json":{"title":"Shampoo TRESemm\u00e9 - Addeara","robots":{"index":"index","follow":"follow","max-snippet":"max-snippet:-1","max-image-preview":"max-image-preview:large","max-video-preview":"max-video-preview:-1"},"canonical":"https:\/\/addeara.com\/?product=alogic-ultra-mini-usb","og_locale":"es_ES","og_type":"article","og_title":"Shampoo TRESemm\u00e9 - Addeara","og_description":"Champ\u00fa para cabello seco, rico en humedad, de calidad profesional, aspecto saludable y brillante, rico en humedad, formulado con vitamina E y biotina, 28 onzas l\u00edquidas (paquete de 3)","og_url":"https:\/\/addeara.com\/?product=alogic-ultra-mini-usb","og_site_name":"Addeara","article_modified_time":"2023-07-26T16:37:13+00:00","og_image":[{"width":210,"height":240,"url":"https:\/\/addeara.com\/wp-content\/uploads\/2022\/12\/shampooterved.jpg","type":"image\/jpeg"}],"twitter_card":"summary_large_image","twitter_misc":{"Tiempo de lectura":"1 minuto"},"schema":{"@context":"https:\/\/schema.org","@graph":[{"@type":"WebPage","@id":"https:\/\/addeara.com\/?product=alogic-ultra-mini-usb","url":"https:\/\/addeara.com\/?product=alogic-ultra-mini-usb","name":"Shampoo TRESemm\u00e9 - Addeara","isPartOf":{"@id":"https:\/\/addeara.com\/#website"},"primaryImageOfPage":{"@id":"https:\/\/addeara.com\/?product=alogic-ultra-mini-usb#primaryimage"},"image":{"@id":"https:\/\/addeara.com\/?product=alogic-ultra-mini-usb#primaryimage"},"thumbnailUrl":"https:\/\/addeara.com\/wp-content\/uploads\/2022\/12\/shampooterved.jpg","datePublished":"2022-12-09T14:34:58+00:00","dateModified":"2023-07-26T16:37:13+00:00","breadcrumb":{"@id":"https:\/\/addeara.com\/?product=alogic-ultra-mini-usb#breadcrumb"},"inLanguage":"es","potentialAction":[{"@type":"ReadAction","target":["https:\/\/addeara.com\/?product=alogic-ultra-mini-usb"]}]},{"@type":"ImageObject","inLanguage":"es","@id":"https:\/\/addeara.com\/?product=alogic-ultra-mini-usb#primaryimage","url":"https:\/\/addeara.com\/wp-content\/uploads\/2022\/12\/shampooterved.jpg","contentUrl":"https:\/\/addeara.com\/wp-content\/uploads\/2022\/12\/shampooterved.jpg","width":210,"height":240},{"@type":"BreadcrumbList","@id":"https:\/\/addeara.com\/?product=alogic-ultra-mini-usb#breadcrumb","itemListElement":[{"@type":"ListItem","position":1,"name":"Portada","item":"https:\/\/addeara.com\/"},{"@type":"ListItem","position":2,"name":"Tienda","item":"https:\/\/addeara.com\/?page_id=9610"},{"@type":"ListItem","position":3,"name":"Shampoo TRESemm\u00e9"}]},{"@type":"WebSite","@id":"https:\/\/addeara.com\/#website","url":"https:\/\/addeara.com\/","name":"Addeara","description":"Addeara Shop","alternateName":"Addeara Shop","potentialAction":[{"@type":"SearchAction","target":{"@type":"EntryPoint","urlTemplate":"https:\/\/addeara.com\/?s={search_term_string}"},"query-input":{"@type":"PropertyValueSpecification","valueRequired":true,"valueName":"search_term_string"}}],"inLanguage":"es"}]}},"_links":{"self":[{"href":"https:\/\/addeara.com\/index.php?rest_route=\/wp\/v2\/product\/1408","targetHints":{"allow":["GET"]}}],"collection":[{"href":"https:\/\/addeara.com\/index.php?rest_route=\/wp\/v2\/product"}],"about":[{"href":"https:\/\/addeara.com\/index.php?rest_route=\/wp\/v2\/types\/product"}],"replies":[{"embeddable":true,"href":"https:\/\/addeara.com\/index.php?rest_route=%2Fwp%2Fv2%2Fcomments&post=1408"}],"version-history":[{"count":0,"href":"https:\/\/addeara.com\/index.php?rest_route=\/wp\/v2\/product\/1408\/revisions"}],"wp:featuredmedia":[{"embeddable":true,"href":"https:\/\/addeara.com\/index.php?rest_route=\/wp\/v2\/media\/10395"}],"wp:attachment":[{"href":"https:\/\/addeara.com\/index.php?rest_route=%2Fwp%2Fv2%2Fmedia&parent=1408"}],"wp:term":[{"taxonomy":"product_brand","embeddable":true,"href":"https:\/\/addeara.com\/index.php?rest_route=%2Fwp%2Fv2%2Fproduct_brand&post=1408"},{"taxonomy":"product_cat","embeddable":true,"href":"https:\/\/addeara.com\/index.php?rest_route=%2Fwp%2Fv2%2Fproduct_cat&post=1408"},{"taxonomy":"product_tag","embeddable":true,"href":"https:\/\/addeara.com\/index.php?rest_route=%2Fwp%2Fv2%2Fproduct_tag&post=1408"}],"curies":[{"name":"wp","href":"https:\/\/api.w.org\/{rel}","templated":true}]}}