{"id":1397,"date":"2022-12-09T14:29:58","date_gmt":"2022-12-09T14:29:58","guid":{"rendered":"http:\/\/dummy.xtemos.com\/woodmart2\/mega-electronics-elementor\/?post_type=product&#038;p=1397"},"modified":"2024-02-29T05:17:33","modified_gmt":"2024-02-29T05:17:33","slug":"canon-i-sensys-lbp722cdw","status":"publish","type":"product","link":"https:\/\/addeara.com\/?product=canon-i-sensys-lbp722cdw","title":{"rendered":"Juego de brocas de 14 piezas"},"content":{"rendered":"\t\t<div data-elementor-type=\"wp-post\" data-elementor-id=\"1397\" class=\"elementor elementor-1397\" data-elementor-post-type=\"product\">\n\t\t\t\t\t\t<section class=\"wd-negative-gap elementor-section elementor-top-section elementor-element elementor-element-f23d912 elementor-section-boxed elementor-section-height-default elementor-section-height-default\" data-id=\"f23d912\" data-element_type=\"section\">\n\t\t\t\t\t\t<div class=\"elementor-container elementor-column-gap-default\">\n\t\t\t\t\t<div class=\"elementor-column elementor-col-100 elementor-top-column elementor-element elementor-element-b989138\" data-id=\"b989138\" data-element_type=\"column\">\n\t\t\t<div class=\"elementor-widget-wrap elementor-element-populated\">\n\t\t\t\t\t\t<div class=\"elementor-element elementor-element-64bb7f7 elementor-widget elementor-widget-wd_text_block\" data-id=\"64bb7f7\" data-element_type=\"widget\" data-widget_type=\"wd_text_block.default\">\n\t\t\t\t<div class=\"elementor-widget-container\">\n\t\t\t\t\t\t\t<div class=\"wd-text-block reset-last-child text-left\">\n\t\t\t\n\t\t\t<h4 class=\"a-size-base-plus a-text-bold\">Sobre este art\u00edculo<\/h4><ul class=\"a-unordered-list a-vertical a-spacing-mini\"><li class=\"a-spacing-mini\"><span class=\"a-list-item\">Dise\u00f1o de punta dividida de 135 grados para ayudar a reducir el caminar<\/span><\/li><li class=\"a-spacing-mini\"><span class=\"a-list-item\">Acero de alta velocidad para ser utilizado en pl\u00e1stico, madera y metal<\/span><\/li><li class=\"a-spacing-mini\"><span class=\"a-list-item\">Dise\u00f1o de red c\u00f3nica para una durabilidad extrema y resistencia a la rotura<\/span><\/li><li class=\"a-spacing-mini\"><span class=\"a-list-item\">Revestimiento negro y dorado para ayudar a prevenir el \u00f3xido y el desgaste<\/span><\/li><li class=\"a-spacing-mini\"><span class=\"a-list-item\">Mango de 3 planos para reducir el giro en el portabrocas<\/span><\/li><li class=\"a-spacing-mini\"><span class=\"a-list-item\">*Marcas de tama\u00f1o en el v\u00e1stago de la broca para identificar tama\u00f1os r\u00e1pidamente<\/span><\/li><\/ul><p><span class=\"caretnext\">\u203a<\/span>\u00a0<a id=\"seeMoreDetailsLink\" class=\"a-link-normal\" href=\"https:\/\/www.amazon.com\/-\/es\/DEWALT-brocas-dividida-pl%C3%A1stico-DWA1184\/dp\/B07DH55YRX\/ref=sr_1_1?qid=1685913615&amp;s=industrial-intl-ship&amp;sr=1-1#productDetails\">Ver los detalles del producto<\/a><\/p>\n\t\t\t\t\t<\/div>\n\t\t\t\t\t\t<\/div>\n\t\t\t\t<\/div>\n\t\t\t\t\t<\/div>\n\t\t<\/div>\n\t\t\t\t\t<\/div>\n\t\t<\/section>\n\t\t\t\t<\/div>\n\t\t","protected":false},"excerpt":{"rendered":"<p id=\"title\" class=\"a-size-large a-spacing-none\"><span id=\"productTitle\" class=\"a-size-large product-title-word-break\">Juego de brocas de 14 piezas, punta dividida de 135 grados, para pl\u00e1stico, madera y metal<\/span><\/p>\n","protected":false},"featured_media":10425,"comment_status":"open","ping_status":"closed","template":"","meta":[],"product_brand":[],"product_cat":[67],"product_tag":[],"class_list":{"0":"post-1397","1":"product","2":"type-product","3":"status-publish","4":"has-post-thumbnail","6":"product_cat-industria-y-cientifico","8":"first","9":"instock","10":"featured","11":"shipping-taxable","12":"purchasable","13":"product-type-simple"},"yoast_head":"<!-- This site is optimized with the Yoast SEO plugin v26.7 - https:\/\/yoast.com\/wordpress\/plugins\/seo\/ -->\n<title>Juego de brocas de 14 piezas - Addeara<\/title>\n<meta name=\"robots\" content=\"index, follow, max-snippet:-1, max-image-preview:large, max-video-preview:-1\" \/>\n<link rel=\"canonical\" href=\"https:\/\/addeara.com\/?product=canon-i-sensys-lbp722cdw\" \/>\n<meta property=\"og:locale\" content=\"es_ES\" \/>\n<meta property=\"og:type\" content=\"article\" \/>\n<meta property=\"og:title\" content=\"Juego de brocas de 14 piezas - Addeara\" \/>\n<meta property=\"og:description\" content=\"Juego de brocas de 14 piezas, punta dividida de 135 grados, para pl\u00e1stico, madera y metal\" \/>\n<meta property=\"og:url\" content=\"https:\/\/addeara.com\/?product=canon-i-sensys-lbp722cdw\" \/>\n<meta property=\"og:site_name\" content=\"Addeara\" \/>\n<meta property=\"article:modified_time\" content=\"2024-02-29T05:17:33+00:00\" \/>\n<meta property=\"og:image\" content=\"https:\/\/addeara.com\/wp-content\/uploads\/2022\/12\/brocas-hcfioe.jpg\" \/>\n\t<meta property=\"og:image:width\" content=\"225\" \/>\n\t<meta property=\"og:image:height\" content=\"225\" \/>\n\t<meta property=\"og:image:type\" content=\"image\/jpeg\" \/>\n<meta name=\"twitter:card\" content=\"summary_large_image\" \/>\n<script type=\"application\/ld+json\" class=\"yoast-schema-graph\">{\"@context\":\"https:\/\/schema.org\",\"@graph\":[{\"@type\":\"WebPage\",\"@id\":\"https:\/\/addeara.com\/?product=canon-i-sensys-lbp722cdw\",\"url\":\"https:\/\/addeara.com\/?product=canon-i-sensys-lbp722cdw\",\"name\":\"Juego de brocas de 14 piezas - Addeara\",\"isPartOf\":{\"@id\":\"https:\/\/addeara.com\/#website\"},\"primaryImageOfPage\":{\"@id\":\"https:\/\/addeara.com\/?product=canon-i-sensys-lbp722cdw#primaryimage\"},\"image\":{\"@id\":\"https:\/\/addeara.com\/?product=canon-i-sensys-lbp722cdw#primaryimage\"},\"thumbnailUrl\":\"https:\/\/addeara.com\/wp-content\/uploads\/2022\/12\/brocas-hcfioe.jpg\",\"datePublished\":\"2022-12-09T14:29:58+00:00\",\"dateModified\":\"2024-02-29T05:17:33+00:00\",\"breadcrumb\":{\"@id\":\"https:\/\/addeara.com\/?product=canon-i-sensys-lbp722cdw#breadcrumb\"},\"inLanguage\":\"es\",\"potentialAction\":[{\"@type\":\"ReadAction\",\"target\":[\"https:\/\/addeara.com\/?product=canon-i-sensys-lbp722cdw\"]}]},{\"@type\":\"ImageObject\",\"inLanguage\":\"es\",\"@id\":\"https:\/\/addeara.com\/?product=canon-i-sensys-lbp722cdw#primaryimage\",\"url\":\"https:\/\/addeara.com\/wp-content\/uploads\/2022\/12\/brocas-hcfioe.jpg\",\"contentUrl\":\"https:\/\/addeara.com\/wp-content\/uploads\/2022\/12\/brocas-hcfioe.jpg\",\"width\":225,\"height\":225},{\"@type\":\"BreadcrumbList\",\"@id\":\"https:\/\/addeara.com\/?product=canon-i-sensys-lbp722cdw#breadcrumb\",\"itemListElement\":[{\"@type\":\"ListItem\",\"position\":1,\"name\":\"Portada\",\"item\":\"https:\/\/addeara.com\/\"},{\"@type\":\"ListItem\",\"position\":2,\"name\":\"Tienda\",\"item\":\"https:\/\/addeara.com\/?page_id=9610\"},{\"@type\":\"ListItem\",\"position\":3,\"name\":\"Juego de brocas de 14 piezas\"}]},{\"@type\":\"WebSite\",\"@id\":\"https:\/\/addeara.com\/#website\",\"url\":\"https:\/\/addeara.com\/\",\"name\":\"Addeara\",\"description\":\"Addeara Shop\",\"alternateName\":\"Addeara Shop\",\"potentialAction\":[{\"@type\":\"SearchAction\",\"target\":{\"@type\":\"EntryPoint\",\"urlTemplate\":\"https:\/\/addeara.com\/?s={search_term_string}\"},\"query-input\":{\"@type\":\"PropertyValueSpecification\",\"valueRequired\":true,\"valueName\":\"search_term_string\"}}],\"inLanguage\":\"es\"}]}<\/script>\n<!-- \/ Yoast SEO plugin. -->","yoast_head_json":{"title":"Juego de brocas de 14 piezas - Addeara","robots":{"index":"index","follow":"follow","max-snippet":"max-snippet:-1","max-image-preview":"max-image-preview:large","max-video-preview":"max-video-preview:-1"},"canonical":"https:\/\/addeara.com\/?product=canon-i-sensys-lbp722cdw","og_locale":"es_ES","og_type":"article","og_title":"Juego de brocas de 14 piezas - Addeara","og_description":"Juego de brocas de 14 piezas, punta dividida de 135 grados, para pl\u00e1stico, madera y metal","og_url":"https:\/\/addeara.com\/?product=canon-i-sensys-lbp722cdw","og_site_name":"Addeara","article_modified_time":"2024-02-29T05:17:33+00:00","og_image":[{"width":225,"height":225,"url":"https:\/\/addeara.com\/wp-content\/uploads\/2022\/12\/brocas-hcfioe.jpg","type":"image\/jpeg"}],"twitter_card":"summary_large_image","schema":{"@context":"https:\/\/schema.org","@graph":[{"@type":"WebPage","@id":"https:\/\/addeara.com\/?product=canon-i-sensys-lbp722cdw","url":"https:\/\/addeara.com\/?product=canon-i-sensys-lbp722cdw","name":"Juego de brocas de 14 piezas - Addeara","isPartOf":{"@id":"https:\/\/addeara.com\/#website"},"primaryImageOfPage":{"@id":"https:\/\/addeara.com\/?product=canon-i-sensys-lbp722cdw#primaryimage"},"image":{"@id":"https:\/\/addeara.com\/?product=canon-i-sensys-lbp722cdw#primaryimage"},"thumbnailUrl":"https:\/\/addeara.com\/wp-content\/uploads\/2022\/12\/brocas-hcfioe.jpg","datePublished":"2022-12-09T14:29:58+00:00","dateModified":"2024-02-29T05:17:33+00:00","breadcrumb":{"@id":"https:\/\/addeara.com\/?product=canon-i-sensys-lbp722cdw#breadcrumb"},"inLanguage":"es","potentialAction":[{"@type":"ReadAction","target":["https:\/\/addeara.com\/?product=canon-i-sensys-lbp722cdw"]}]},{"@type":"ImageObject","inLanguage":"es","@id":"https:\/\/addeara.com\/?product=canon-i-sensys-lbp722cdw#primaryimage","url":"https:\/\/addeara.com\/wp-content\/uploads\/2022\/12\/brocas-hcfioe.jpg","contentUrl":"https:\/\/addeara.com\/wp-content\/uploads\/2022\/12\/brocas-hcfioe.jpg","width":225,"height":225},{"@type":"BreadcrumbList","@id":"https:\/\/addeara.com\/?product=canon-i-sensys-lbp722cdw#breadcrumb","itemListElement":[{"@type":"ListItem","position":1,"name":"Portada","item":"https:\/\/addeara.com\/"},{"@type":"ListItem","position":2,"name":"Tienda","item":"https:\/\/addeara.com\/?page_id=9610"},{"@type":"ListItem","position":3,"name":"Juego de brocas de 14 piezas"}]},{"@type":"WebSite","@id":"https:\/\/addeara.com\/#website","url":"https:\/\/addeara.com\/","name":"Addeara","description":"Addeara Shop","alternateName":"Addeara Shop","potentialAction":[{"@type":"SearchAction","target":{"@type":"EntryPoint","urlTemplate":"https:\/\/addeara.com\/?s={search_term_string}"},"query-input":{"@type":"PropertyValueSpecification","valueRequired":true,"valueName":"search_term_string"}}],"inLanguage":"es"}]}},"_links":{"self":[{"href":"https:\/\/addeara.com\/index.php?rest_route=\/wp\/v2\/product\/1397","targetHints":{"allow":["GET"]}}],"collection":[{"href":"https:\/\/addeara.com\/index.php?rest_route=\/wp\/v2\/product"}],"about":[{"href":"https:\/\/addeara.com\/index.php?rest_route=\/wp\/v2\/types\/product"}],"replies":[{"embeddable":true,"href":"https:\/\/addeara.com\/index.php?rest_route=%2Fwp%2Fv2%2Fcomments&post=1397"}],"version-history":[{"count":0,"href":"https:\/\/addeara.com\/index.php?rest_route=\/wp\/v2\/product\/1397\/revisions"}],"wp:featuredmedia":[{"embeddable":true,"href":"https:\/\/addeara.com\/index.php?rest_route=\/wp\/v2\/media\/10425"}],"wp:attachment":[{"href":"https:\/\/addeara.com\/index.php?rest_route=%2Fwp%2Fv2%2Fmedia&parent=1397"}],"wp:term":[{"taxonomy":"product_brand","embeddable":true,"href":"https:\/\/addeara.com\/index.php?rest_route=%2Fwp%2Fv2%2Fproduct_brand&post=1397"},{"taxonomy":"product_cat","embeddable":true,"href":"https:\/\/addeara.com\/index.php?rest_route=%2Fwp%2Fv2%2Fproduct_cat&post=1397"},{"taxonomy":"product_tag","embeddable":true,"href":"https:\/\/addeara.com\/index.php?rest_route=%2Fwp%2Fv2%2Fproduct_tag&post=1397"}],"curies":[{"name":"wp","href":"https:\/\/api.w.org\/{rel}","templated":true}]}}