{"id":1364,"date":"2022-12-09T14:14:35","date_gmt":"2022-12-09T14:14:35","guid":{"rendered":"http:\/\/dummy.xtemos.com\/woodmart2\/mega-electronics-elementor\/?post_type=product&#038;p=1364"},"modified":"2023-06-04T22:19:52","modified_gmt":"2023-06-04T22:19:52","slug":"aoc-cu34g2x-bk","status":"publish","type":"product","link":"https:\/\/addeara.com\/?product=aoc-cu34g2x-bk","title":{"rendered":"Pastilla de Disco de Freno"},"content":{"rendered":"\t\t<div data-elementor-type=\"wp-post\" data-elementor-id=\"1364\" class=\"elementor elementor-1364\" data-elementor-post-type=\"product\">\n\t\t\t\t\t\t<section class=\"wd-negative-gap elementor-section elementor-top-section elementor-element elementor-element-866c39c elementor-section-boxed elementor-section-height-default elementor-section-height-default\" data-id=\"866c39c\" data-element_type=\"section\">\n\t\t\t\t\t\t<div class=\"elementor-container elementor-column-gap-default\">\n\t\t\t\t\t<div class=\"elementor-column elementor-col-100 elementor-top-column elementor-element elementor-element-94195d8\" data-id=\"94195d8\" data-element_type=\"column\">\n\t\t\t<div class=\"elementor-widget-wrap elementor-element-populated\">\n\t\t\t\t\t\t<div class=\"elementor-element elementor-element-54a7007 elementor-widget elementor-widget-wd_text_block\" data-id=\"54a7007\" data-element_type=\"widget\" data-widget_type=\"wd_text_block.default\">\n\t\t\t\t<div class=\"elementor-widget-container\">\n\t\t\t\t\t\t\t<div class=\"wd-text-block reset-last-child text-left\">\n\t\t\t\n\t\t\t<h4 class=\"a-size-base-plus a-text-bold\">Sobre este art\u00edculo<\/h4><ul class=\"a-unordered-list a-vertical a-spacing-mini\"><li class=\"a-spacing-mini\"><span class=\"a-list-item\">Restaura el rendimiento de frenado: el ajuste original y el dise\u00f1o de forma ofrece un frenado uniforme durante toda la vida \u00fatil de la pastilla de freno<\/span><\/li><li class=\"a-spacing-mini\"><span class=\"a-list-item\">Formulaciones de fricci\u00f3n y configuraci\u00f3n a juego OE para restaurar como nuevo rendimiento de frenado<\/span><\/li><li class=\"a-spacing-mini\"><span class=\"a-list-item\">Cu\u00f1as espec\u00edficas de aplicaci\u00f3n para reducir el ruido que causa vibraci\u00f3n<\/span><\/li><li class=\"a-spacing-mini\"><span class=\"a-list-item\">Material sin amianto<\/span><\/li><li class=\"a-spacing-mini\"><span class=\"a-list-item\">Reduce la vibraci\u00f3n: el dise\u00f1o espec\u00edfico de aplicaci\u00f3n reduce la vibraci\u00f3n que causa ruido<\/span><\/li><li class=\"a-spacing-mini\"><span class=\"a-list-item\">Rendimiento uniforme: dise\u00f1ado para un frenado constante durante toda la vida \u00fatil de la almohadilla<\/span><\/li><li class=\"a-spacing-mini\"><span class=\"a-list-item\">Materiales espec\u00edficos de aplicaci\u00f3n: formulado para satisfacer las necesidades \u00fanicas de cada aplicaci\u00f3n de veh\u00edculo<\/span><\/li><\/ul><div class=\"a-row a-expander-container a-expander-inline-container\"><div class=\"a-expander-content a-expander-extend-content a-expander-content-expanded\" aria-expanded=\"true\"><ul class=\"a-unordered-list a-vertical a-spacing-none\"><li class=\"a-spacing-mini\"><span class=\"a-list-item\">Accesorios incluidos: herrajes de acero inoxidable de alta calidad y lubricante de estilo original incluidos en la mayor\u00eda de aplicaciones<\/span><\/li><li class=\"a-spacing-mini\"><span class=\"a-list-item\">Cobertura completa: pastillas de freno disponibles para todos los tipos de veh\u00edculos<\/span><\/li><li class=\"a-spacing-mini\"><span class=\"a-list-item\">F\u00f3rmula de cero cobre: cuenta con f\u00f3rmula de fricci\u00f3n Wagner OE25 de cero cobre<\/span><\/li><li class=\"a-spacing-mini\"><span class=\"a-list-item\">Dise\u00f1ado, probado y certificado en los Estados Unidos por ingenieros Federal-Mogul<\/span><\/li><li class=\"a-spacing-mini\"><span class=\"a-list-item\">El proceso de postcurado 100% OE garantiza un rendimiento uniforme de fricci\u00f3n durante toda la vida \u00fatil de la almohadilla<\/span><\/li><\/ul><\/div><\/div>\n\t\t\t\t\t<\/div>\n\t\t\t\t\t\t<\/div>\n\t\t\t\t<\/div>\n\t\t\t\t\t<\/div>\n\t\t<\/div>\n\t\t\t\t\t<\/div>\n\t\t<\/section>\n\t\t\t\t<\/div>\n\t\t","protected":false},"excerpt":{"rendered":"<p>Wagner QuickStop ZD1sdt73 set de pastillas de disco de cer\u00e1mica con herrajes para la instalaci\u00f3n, frontal y tracera<\/p>\n","protected":false},"featured_media":10457,"comment_status":"open","ping_status":"closed","template":"","meta":[],"product_brand":[],"product_cat":[64],"product_tag":[],"class_list":{"0":"post-1364","1":"product","2":"type-product","3":"status-publish","4":"has-post-thumbnail","6":"product_cat-repuestos-automotriz-y-motos","8":"first","9":"instock","10":"shipping-taxable","11":"purchasable","12":"product-type-simple"},"yoast_head":"<!-- This site is optimized with the Yoast SEO plugin v26.7 - https:\/\/yoast.com\/wordpress\/plugins\/seo\/ -->\n<title>Pastilla de Disco de Freno - Addeara<\/title>\n<meta name=\"robots\" content=\"index, follow, max-snippet:-1, max-image-preview:large, max-video-preview:-1\" \/>\n<link rel=\"canonical\" href=\"https:\/\/addeara.com\/?product=aoc-cu34g2x-bk\" \/>\n<meta property=\"og:locale\" content=\"es_ES\" \/>\n<meta property=\"og:type\" content=\"article\" \/>\n<meta property=\"og:title\" content=\"Pastilla de Disco de Freno - Addeara\" \/>\n<meta property=\"og:description\" content=\"Wagner QuickStop ZD1sdt73 set de pastillas de disco de cer\u00e1mica con herrajes para la instalaci\u00f3n, frontal y tracera\" \/>\n<meta property=\"og:url\" content=\"https:\/\/addeara.com\/?product=aoc-cu34g2x-bk\" \/>\n<meta property=\"og:site_name\" content=\"Addeara\" \/>\n<meta property=\"article:modified_time\" content=\"2023-06-04T22:19:52+00:00\" \/>\n<meta property=\"og:image\" content=\"https:\/\/addeara.com\/wp-content\/uploads\/2022\/12\/o3teryujhgiug.png\" \/>\n\t<meta property=\"og:image:width\" content=\"800\" \/>\n\t<meta property=\"og:image:height\" content=\"800\" \/>\n\t<meta property=\"og:image:type\" content=\"image\/png\" \/>\n<meta name=\"twitter:card\" content=\"summary_large_image\" \/>\n<meta name=\"twitter:label1\" content=\"Tiempo de lectura\" \/>\n\t<meta name=\"twitter:data1\" content=\"1 minuto\" \/>\n<script type=\"application\/ld+json\" class=\"yoast-schema-graph\">{\"@context\":\"https:\/\/schema.org\",\"@graph\":[{\"@type\":\"WebPage\",\"@id\":\"https:\/\/addeara.com\/?product=aoc-cu34g2x-bk\",\"url\":\"https:\/\/addeara.com\/?product=aoc-cu34g2x-bk\",\"name\":\"Pastilla de Disco de Freno - Addeara\",\"isPartOf\":{\"@id\":\"https:\/\/addeara.com\/#website\"},\"primaryImageOfPage\":{\"@id\":\"https:\/\/addeara.com\/?product=aoc-cu34g2x-bk#primaryimage\"},\"image\":{\"@id\":\"https:\/\/addeara.com\/?product=aoc-cu34g2x-bk#primaryimage\"},\"thumbnailUrl\":\"https:\/\/addeara.com\/wp-content\/uploads\/2022\/12\/o3teryujhgiug.png\",\"datePublished\":\"2022-12-09T14:14:35+00:00\",\"dateModified\":\"2023-06-04T22:19:52+00:00\",\"breadcrumb\":{\"@id\":\"https:\/\/addeara.com\/?product=aoc-cu34g2x-bk#breadcrumb\"},\"inLanguage\":\"es\",\"potentialAction\":[{\"@type\":\"ReadAction\",\"target\":[\"https:\/\/addeara.com\/?product=aoc-cu34g2x-bk\"]}]},{\"@type\":\"ImageObject\",\"inLanguage\":\"es\",\"@id\":\"https:\/\/addeara.com\/?product=aoc-cu34g2x-bk#primaryimage\",\"url\":\"https:\/\/addeara.com\/wp-content\/uploads\/2022\/12\/o3teryujhgiug.png\",\"contentUrl\":\"https:\/\/addeara.com\/wp-content\/uploads\/2022\/12\/o3teryujhgiug.png\",\"width\":800,\"height\":800},{\"@type\":\"BreadcrumbList\",\"@id\":\"https:\/\/addeara.com\/?product=aoc-cu34g2x-bk#breadcrumb\",\"itemListElement\":[{\"@type\":\"ListItem\",\"position\":1,\"name\":\"Portada\",\"item\":\"https:\/\/addeara.com\/\"},{\"@type\":\"ListItem\",\"position\":2,\"name\":\"Tienda\",\"item\":\"https:\/\/addeara.com\/?page_id=9610\"},{\"@type\":\"ListItem\",\"position\":3,\"name\":\"Pastilla de Disco de Freno\"}]},{\"@type\":\"WebSite\",\"@id\":\"https:\/\/addeara.com\/#website\",\"url\":\"https:\/\/addeara.com\/\",\"name\":\"Addeara\",\"description\":\"Addeara Shop\",\"alternateName\":\"Addeara Shop\",\"potentialAction\":[{\"@type\":\"SearchAction\",\"target\":{\"@type\":\"EntryPoint\",\"urlTemplate\":\"https:\/\/addeara.com\/?s={search_term_string}\"},\"query-input\":{\"@type\":\"PropertyValueSpecification\",\"valueRequired\":true,\"valueName\":\"search_term_string\"}}],\"inLanguage\":\"es\"}]}<\/script>\n<!-- \/ Yoast SEO plugin. -->","yoast_head_json":{"title":"Pastilla de Disco de Freno - Addeara","robots":{"index":"index","follow":"follow","max-snippet":"max-snippet:-1","max-image-preview":"max-image-preview:large","max-video-preview":"max-video-preview:-1"},"canonical":"https:\/\/addeara.com\/?product=aoc-cu34g2x-bk","og_locale":"es_ES","og_type":"article","og_title":"Pastilla de Disco de Freno - Addeara","og_description":"Wagner QuickStop ZD1sdt73 set de pastillas de disco de cer\u00e1mica con herrajes para la instalaci\u00f3n, frontal y tracera","og_url":"https:\/\/addeara.com\/?product=aoc-cu34g2x-bk","og_site_name":"Addeara","article_modified_time":"2023-06-04T22:19:52+00:00","og_image":[{"width":800,"height":800,"url":"https:\/\/addeara.com\/wp-content\/uploads\/2022\/12\/o3teryujhgiug.png","type":"image\/png"}],"twitter_card":"summary_large_image","twitter_misc":{"Tiempo de lectura":"1 minuto"},"schema":{"@context":"https:\/\/schema.org","@graph":[{"@type":"WebPage","@id":"https:\/\/addeara.com\/?product=aoc-cu34g2x-bk","url":"https:\/\/addeara.com\/?product=aoc-cu34g2x-bk","name":"Pastilla de Disco de Freno - Addeara","isPartOf":{"@id":"https:\/\/addeara.com\/#website"},"primaryImageOfPage":{"@id":"https:\/\/addeara.com\/?product=aoc-cu34g2x-bk#primaryimage"},"image":{"@id":"https:\/\/addeara.com\/?product=aoc-cu34g2x-bk#primaryimage"},"thumbnailUrl":"https:\/\/addeara.com\/wp-content\/uploads\/2022\/12\/o3teryujhgiug.png","datePublished":"2022-12-09T14:14:35+00:00","dateModified":"2023-06-04T22:19:52+00:00","breadcrumb":{"@id":"https:\/\/addeara.com\/?product=aoc-cu34g2x-bk#breadcrumb"},"inLanguage":"es","potentialAction":[{"@type":"ReadAction","target":["https:\/\/addeara.com\/?product=aoc-cu34g2x-bk"]}]},{"@type":"ImageObject","inLanguage":"es","@id":"https:\/\/addeara.com\/?product=aoc-cu34g2x-bk#primaryimage","url":"https:\/\/addeara.com\/wp-content\/uploads\/2022\/12\/o3teryujhgiug.png","contentUrl":"https:\/\/addeara.com\/wp-content\/uploads\/2022\/12\/o3teryujhgiug.png","width":800,"height":800},{"@type":"BreadcrumbList","@id":"https:\/\/addeara.com\/?product=aoc-cu34g2x-bk#breadcrumb","itemListElement":[{"@type":"ListItem","position":1,"name":"Portada","item":"https:\/\/addeara.com\/"},{"@type":"ListItem","position":2,"name":"Tienda","item":"https:\/\/addeara.com\/?page_id=9610"},{"@type":"ListItem","position":3,"name":"Pastilla de Disco de Freno"}]},{"@type":"WebSite","@id":"https:\/\/addeara.com\/#website","url":"https:\/\/addeara.com\/","name":"Addeara","description":"Addeara Shop","alternateName":"Addeara Shop","potentialAction":[{"@type":"SearchAction","target":{"@type":"EntryPoint","urlTemplate":"https:\/\/addeara.com\/?s={search_term_string}"},"query-input":{"@type":"PropertyValueSpecification","valueRequired":true,"valueName":"search_term_string"}}],"inLanguage":"es"}]}},"_links":{"self":[{"href":"https:\/\/addeara.com\/index.php?rest_route=\/wp\/v2\/product\/1364","targetHints":{"allow":["GET"]}}],"collection":[{"href":"https:\/\/addeara.com\/index.php?rest_route=\/wp\/v2\/product"}],"about":[{"href":"https:\/\/addeara.com\/index.php?rest_route=\/wp\/v2\/types\/product"}],"replies":[{"embeddable":true,"href":"https:\/\/addeara.com\/index.php?rest_route=%2Fwp%2Fv2%2Fcomments&post=1364"}],"version-history":[{"count":0,"href":"https:\/\/addeara.com\/index.php?rest_route=\/wp\/v2\/product\/1364\/revisions"}],"wp:featuredmedia":[{"embeddable":true,"href":"https:\/\/addeara.com\/index.php?rest_route=\/wp\/v2\/media\/10457"}],"wp:attachment":[{"href":"https:\/\/addeara.com\/index.php?rest_route=%2Fwp%2Fv2%2Fmedia&parent=1364"}],"wp:term":[{"taxonomy":"product_brand","embeddable":true,"href":"https:\/\/addeara.com\/index.php?rest_route=%2Fwp%2Fv2%2Fproduct_brand&post=1364"},{"taxonomy":"product_cat","embeddable":true,"href":"https:\/\/addeara.com\/index.php?rest_route=%2Fwp%2Fv2%2Fproduct_cat&post=1364"},{"taxonomy":"product_tag","embeddable":true,"href":"https:\/\/addeara.com\/index.php?rest_route=%2Fwp%2Fv2%2Fproduct_tag&post=1364"}],"curies":[{"name":"wp","href":"https:\/\/api.w.org\/{rel}","templated":true}]}}