{"id":10486,"date":"2023-06-04T23:17:08","date_gmt":"2023-06-04T23:17:08","guid":{"rendered":"https:\/\/addeara.com\/?post_type=product&#038;p=10486"},"modified":"2023-06-04T23:18:40","modified_gmt":"2023-06-04T23:18:40","slug":"lavadora-automatica-14kg-blanca","status":"publish","type":"product","link":"https:\/\/addeara.com\/?product=lavadora-automatica-14kg-blanca","title":{"rendered":"Lavadora Autom\u00e1tica 14kg Blanca"},"content":{"rendered":"<p>Ropa m\u00e1s limpia que nunca con la lavadora autom\u00e1tica, con capacidad de carga de hasta 30 libras.<\/p>\n<p>Con tambor de acero inoxidable que te dar\u00e1 mayor durabilidad.<\/p>\n<p>En el panel de control digital podr\u00e1s programar tus lavados.<\/p>\n<p>Posee dispensador de detergente para una mayor.<\/p>\n<p>Panel dise\u00f1ado para simplificar el uso de la lavadora y optimizar las funciones disponibles.<\/p>\n","protected":false},"excerpt":{"rendered":"<p class=\"product-form__title\">Lavadora Autom\u00e1tica 14 Kilogramos Color Blanco, liviana y con un tambor grande y s\u00faper clean<\/p>\n","protected":false},"featured_media":10490,"comment_status":"open","ping_status":"closed","template":"","meta":[],"product_brand":[],"product_cat":[171],"product_tag":[],"class_list":{"0":"post-10486","1":"product","2":"type-product","3":"status-publish","4":"has-post-thumbnail","6":"product_cat-linea-blanca","8":"first","9":"instock","10":"shipping-taxable","11":"purchasable","12":"product-type-simple"},"yoast_head":"<!-- This site is optimized with the Yoast SEO plugin v26.7 - https:\/\/yoast.com\/wordpress\/plugins\/seo\/ -->\n<title>Lavadora Autom\u00e1tica 14kg Blanca - Addeara<\/title>\n<meta name=\"robots\" content=\"index, follow, max-snippet:-1, max-image-preview:large, max-video-preview:-1\" \/>\n<link rel=\"canonical\" href=\"https:\/\/addeara.com\/?product=lavadora-automatica-14kg-blanca\" \/>\n<meta property=\"og:locale\" content=\"es_ES\" \/>\n<meta property=\"og:type\" content=\"article\" \/>\n<meta property=\"og:title\" content=\"Lavadora Autom\u00e1tica 14kg Blanca - Addeara\" \/>\n<meta property=\"og:description\" content=\"Lavadora Autom\u00e1tica 14 Kilogramos Color Blanco, liviana y con un tambor grande y s\u00faper clean\" \/>\n<meta property=\"og:url\" content=\"https:\/\/addeara.com\/?product=lavadora-automatica-14kg-blanca\" \/>\n<meta property=\"og:site_name\" content=\"Addeara\" \/>\n<meta property=\"article:modified_time\" content=\"2023-06-04T23:18:40+00:00\" \/>\n<meta property=\"og:image\" content=\"https:\/\/addeara.com\/wp-content\/uploads\/2023\/06\/t7i.png\" \/>\n\t<meta property=\"og:image:width\" content=\"800\" \/>\n\t<meta property=\"og:image:height\" content=\"800\" \/>\n\t<meta property=\"og:image:type\" content=\"image\/png\" \/>\n<meta name=\"twitter:card\" content=\"summary_large_image\" \/>\n<script type=\"application\/ld+json\" class=\"yoast-schema-graph\">{\"@context\":\"https:\/\/schema.org\",\"@graph\":[{\"@type\":\"WebPage\",\"@id\":\"https:\/\/addeara.com\/?product=lavadora-automatica-14kg-blanca\",\"url\":\"https:\/\/addeara.com\/?product=lavadora-automatica-14kg-blanca\",\"name\":\"Lavadora Autom\u00e1tica 14kg Blanca - Addeara\",\"isPartOf\":{\"@id\":\"https:\/\/addeara.com\/#website\"},\"primaryImageOfPage\":{\"@id\":\"https:\/\/addeara.com\/?product=lavadora-automatica-14kg-blanca#primaryimage\"},\"image\":{\"@id\":\"https:\/\/addeara.com\/?product=lavadora-automatica-14kg-blanca#primaryimage\"},\"thumbnailUrl\":\"https:\/\/addeara.com\/wp-content\/uploads\/2023\/06\/t7i.png\",\"datePublished\":\"2023-06-04T23:17:08+00:00\",\"dateModified\":\"2023-06-04T23:18:40+00:00\",\"breadcrumb\":{\"@id\":\"https:\/\/addeara.com\/?product=lavadora-automatica-14kg-blanca#breadcrumb\"},\"inLanguage\":\"es\",\"potentialAction\":[{\"@type\":\"ReadAction\",\"target\":[\"https:\/\/addeara.com\/?product=lavadora-automatica-14kg-blanca\"]}]},{\"@type\":\"ImageObject\",\"inLanguage\":\"es\",\"@id\":\"https:\/\/addeara.com\/?product=lavadora-automatica-14kg-blanca#primaryimage\",\"url\":\"https:\/\/addeara.com\/wp-content\/uploads\/2023\/06\/t7i.png\",\"contentUrl\":\"https:\/\/addeara.com\/wp-content\/uploads\/2023\/06\/t7i.png\",\"width\":800,\"height\":800},{\"@type\":\"BreadcrumbList\",\"@id\":\"https:\/\/addeara.com\/?product=lavadora-automatica-14kg-blanca#breadcrumb\",\"itemListElement\":[{\"@type\":\"ListItem\",\"position\":1,\"name\":\"Portada\",\"item\":\"https:\/\/addeara.com\/\"},{\"@type\":\"ListItem\",\"position\":2,\"name\":\"Tienda\",\"item\":\"https:\/\/addeara.com\/?page_id=9610\"},{\"@type\":\"ListItem\",\"position\":3,\"name\":\"Lavadora Autom\u00e1tica 14kg Blanca\"}]},{\"@type\":\"WebSite\",\"@id\":\"https:\/\/addeara.com\/#website\",\"url\":\"https:\/\/addeara.com\/\",\"name\":\"Addeara\",\"description\":\"Addeara Shop\",\"alternateName\":\"Addeara Shop\",\"potentialAction\":[{\"@type\":\"SearchAction\",\"target\":{\"@type\":\"EntryPoint\",\"urlTemplate\":\"https:\/\/addeara.com\/?s={search_term_string}\"},\"query-input\":{\"@type\":\"PropertyValueSpecification\",\"valueRequired\":true,\"valueName\":\"search_term_string\"}}],\"inLanguage\":\"es\"}]}<\/script>\n<!-- \/ Yoast SEO plugin. -->","yoast_head_json":{"title":"Lavadora Autom\u00e1tica 14kg Blanca - Addeara","robots":{"index":"index","follow":"follow","max-snippet":"max-snippet:-1","max-image-preview":"max-image-preview:large","max-video-preview":"max-video-preview:-1"},"canonical":"https:\/\/addeara.com\/?product=lavadora-automatica-14kg-blanca","og_locale":"es_ES","og_type":"article","og_title":"Lavadora Autom\u00e1tica 14kg Blanca - Addeara","og_description":"Lavadora Autom\u00e1tica 14 Kilogramos Color Blanco, liviana y con un tambor grande y s\u00faper clean","og_url":"https:\/\/addeara.com\/?product=lavadora-automatica-14kg-blanca","og_site_name":"Addeara","article_modified_time":"2023-06-04T23:18:40+00:00","og_image":[{"width":800,"height":800,"url":"https:\/\/addeara.com\/wp-content\/uploads\/2023\/06\/t7i.png","type":"image\/png"}],"twitter_card":"summary_large_image","schema":{"@context":"https:\/\/schema.org","@graph":[{"@type":"WebPage","@id":"https:\/\/addeara.com\/?product=lavadora-automatica-14kg-blanca","url":"https:\/\/addeara.com\/?product=lavadora-automatica-14kg-blanca","name":"Lavadora Autom\u00e1tica 14kg Blanca - Addeara","isPartOf":{"@id":"https:\/\/addeara.com\/#website"},"primaryImageOfPage":{"@id":"https:\/\/addeara.com\/?product=lavadora-automatica-14kg-blanca#primaryimage"},"image":{"@id":"https:\/\/addeara.com\/?product=lavadora-automatica-14kg-blanca#primaryimage"},"thumbnailUrl":"https:\/\/addeara.com\/wp-content\/uploads\/2023\/06\/t7i.png","datePublished":"2023-06-04T23:17:08+00:00","dateModified":"2023-06-04T23:18:40+00:00","breadcrumb":{"@id":"https:\/\/addeara.com\/?product=lavadora-automatica-14kg-blanca#breadcrumb"},"inLanguage":"es","potentialAction":[{"@type":"ReadAction","target":["https:\/\/addeara.com\/?product=lavadora-automatica-14kg-blanca"]}]},{"@type":"ImageObject","inLanguage":"es","@id":"https:\/\/addeara.com\/?product=lavadora-automatica-14kg-blanca#primaryimage","url":"https:\/\/addeara.com\/wp-content\/uploads\/2023\/06\/t7i.png","contentUrl":"https:\/\/addeara.com\/wp-content\/uploads\/2023\/06\/t7i.png","width":800,"height":800},{"@type":"BreadcrumbList","@id":"https:\/\/addeara.com\/?product=lavadora-automatica-14kg-blanca#breadcrumb","itemListElement":[{"@type":"ListItem","position":1,"name":"Portada","item":"https:\/\/addeara.com\/"},{"@type":"ListItem","position":2,"name":"Tienda","item":"https:\/\/addeara.com\/?page_id=9610"},{"@type":"ListItem","position":3,"name":"Lavadora Autom\u00e1tica 14kg Blanca"}]},{"@type":"WebSite","@id":"https:\/\/addeara.com\/#website","url":"https:\/\/addeara.com\/","name":"Addeara","description":"Addeara Shop","alternateName":"Addeara Shop","potentialAction":[{"@type":"SearchAction","target":{"@type":"EntryPoint","urlTemplate":"https:\/\/addeara.com\/?s={search_term_string}"},"query-input":{"@type":"PropertyValueSpecification","valueRequired":true,"valueName":"search_term_string"}}],"inLanguage":"es"}]}},"_links":{"self":[{"href":"https:\/\/addeara.com\/index.php?rest_route=\/wp\/v2\/product\/10486","targetHints":{"allow":["GET"]}}],"collection":[{"href":"https:\/\/addeara.com\/index.php?rest_route=\/wp\/v2\/product"}],"about":[{"href":"https:\/\/addeara.com\/index.php?rest_route=\/wp\/v2\/types\/product"}],"replies":[{"embeddable":true,"href":"https:\/\/addeara.com\/index.php?rest_route=%2Fwp%2Fv2%2Fcomments&post=10486"}],"version-history":[{"count":0,"href":"https:\/\/addeara.com\/index.php?rest_route=\/wp\/v2\/product\/10486\/revisions"}],"wp:featuredmedia":[{"embeddable":true,"href":"https:\/\/addeara.com\/index.php?rest_route=\/wp\/v2\/media\/10490"}],"wp:attachment":[{"href":"https:\/\/addeara.com\/index.php?rest_route=%2Fwp%2Fv2%2Fmedia&parent=10486"}],"wp:term":[{"taxonomy":"product_brand","embeddable":true,"href":"https:\/\/addeara.com\/index.php?rest_route=%2Fwp%2Fv2%2Fproduct_brand&post=10486"},{"taxonomy":"product_cat","embeddable":true,"href":"https:\/\/addeara.com\/index.php?rest_route=%2Fwp%2Fv2%2Fproduct_cat&post=10486"},{"taxonomy":"product_tag","embeddable":true,"href":"https:\/\/addeara.com\/index.php?rest_route=%2Fwp%2Fv2%2Fproduct_tag&post=10486"}],"curies":[{"name":"wp","href":"https:\/\/api.w.org\/{rel}","templated":true}]}}