{"id":10477,"date":"2023-06-04T22:51:56","date_gmt":"2023-06-04T22:51:56","guid":{"rendered":"https:\/\/addeara.com\/?post_type=product&#038;p=10477"},"modified":"2025-04-12T14:52:51","modified_gmt":"2025-04-12T14:52:51","slug":"10477","status":"publish","type":"product","link":"https:\/\/addeara.com\/?product=10477","title":{"rendered":""},"content":{"rendered":"<ul class=\"a-unordered-list a-vertical a-spacing-mini\">\n<li class=\"a-spacing-mini\"><span class=\"a-list-item\">Suela de Etileno acetato de vinilo<\/span><\/li>\n<li class=\"a-spacing-mini\"><span class=\"a-list-item\">Exquisita tecnolog\u00eda de punto volador: la parte superior de estos zapatos casuales para hombre adopta tecnolog\u00eda de punto volador, que es muy transpirable y ligera. Hay muchas rejillas de ventilaci\u00f3n densas en la parte superior, que pueden disipar eficazmente el calor y evitar el calor sensual. Es muy adecuado para caminar.<\/span><\/li>\n<li class=\"a-spacing-mini\"><span class=\"a-list-item\">Proporciona una mejor comodidad: nuestros zapatos para hombre para caminar pueden proporcionarte una mejor comodidad y amortiguaci\u00f3n, no te sentir\u00e1s inc\u00f3modo incluso si los llevas todo el d\u00eda, es una opci\u00f3n ideal para tu caminata de ocio.<\/span><\/li>\n<li class=\"a-spacing-mini\"><span class=\"a-list-item\">Suela antideslizante de EVA: toda la suela est\u00e1 hecha de material EVA antideslizante altamente el\u00e1stico y suave. La suela exterior tiene un buen rendimiento antideslizante, lo que puede garantizar tu seguridad y comodidad al caminar. Adem\u00e1s, la excelente resistencia al desgaste tambi\u00e9n hace que estos zapatos de malla para hombre sean m\u00e1s duraderos.<\/span><\/li>\n<li class=\"a-spacing-mini\"><span class=\"a-list-item\">M\u00e1s ajuste para tus pies: como los zapatos casuales est\u00e1n equipados con plantillas de apoyo, este par de zapatos de senderismo para hombre tiene un alto grado de ajuste, que puede fijar firmemente los pies y evitar el deslizamiento accidental de los pies, proporcionando as\u00ed suficiente protecci\u00f3n para los tobillos y los dedos.<\/span><\/li>\n<li class=\"a-spacing-mini\"><span class=\"a-list-item\">Ideal para ocasiones informales: puedes llevar estos tenis para hombre para caminar, fiestas, etc. Es un par de zapatos casuales que vale la pena elegir un hombre, y tambi\u00e9n es un gran regalo para \u00e9l.<\/span><\/li>\n<\/ul>\n","protected":false},"excerpt":{"rendered":"<p id=\"title\" class=\"a-size-large a-spacing-none a-color-secondary\"><span id=\"productTitle\" class=\"a-size-large product-title-word-break\">AMJAM Zapatos deportivos de moda para hombre, ligeros, transpirables, de punto con cordones, de malla, para caminar, entrenamiento, zapatos deportivos casuales<\/span><\/p>\n","protected":false},"featured_media":10479,"comment_status":"open","ping_status":"closed","template":"","meta":[],"product_brand":[],"product_cat":[61],"product_tag":[],"class_list":{"0":"post-10477","1":"product","2":"type-product","3":"status-publish","4":"has-post-thumbnail","6":"product_cat-ropa-y-calzados","8":"first","9":"instock","10":"shipping-taxable","11":"purchasable","12":"product-type-simple"},"yoast_head":"<!-- This site is optimized with the Yoast SEO plugin v26.7 - https:\/\/yoast.com\/wordpress\/plugins\/seo\/ -->\n<title>- Addeara<\/title>\n<meta name=\"robots\" content=\"index, follow, max-snippet:-1, max-image-preview:large, max-video-preview:-1\" \/>\n<link rel=\"canonical\" href=\"https:\/\/addeara.com\/?product=10477\" \/>\n<meta property=\"og:locale\" content=\"es_ES\" \/>\n<meta property=\"og:type\" content=\"article\" \/>\n<meta property=\"og:title\" content=\"- Addeara\" \/>\n<meta property=\"og:description\" content=\"AMJAM Zapatos deportivos de moda para hombre, ligeros, transpirables, de punto con cordones, de malla, para caminar, entrenamiento, zapatos deportivos casuales\" \/>\n<meta property=\"og:url\" content=\"https:\/\/addeara.com\/?product=10477\" \/>\n<meta property=\"og:site_name\" content=\"Addeara\" \/>\n<meta property=\"article:modified_time\" content=\"2025-04-12T14:52:51+00:00\" \/>\n<meta property=\"og:image\" content=\"https:\/\/addeara.com\/wp-content\/uploads\/2023\/06\/0756.png\" \/>\n\t<meta property=\"og:image:width\" content=\"800\" \/>\n\t<meta property=\"og:image:height\" content=\"800\" \/>\n\t<meta property=\"og:image:type\" content=\"image\/png\" \/>\n<meta name=\"twitter:card\" content=\"summary_large_image\" \/>\n<meta name=\"twitter:label1\" content=\"Tiempo de lectura\" \/>\n\t<meta name=\"twitter:data1\" content=\"1 minuto\" \/>\n<script type=\"application\/ld+json\" class=\"yoast-schema-graph\">{\"@context\":\"https:\/\/schema.org\",\"@graph\":[{\"@type\":\"WebPage\",\"@id\":\"https:\/\/addeara.com\/?product=10477\",\"url\":\"https:\/\/addeara.com\/?product=10477\",\"name\":\"- Addeara\",\"isPartOf\":{\"@id\":\"https:\/\/addeara.com\/#website\"},\"primaryImageOfPage\":{\"@id\":\"https:\/\/addeara.com\/?product=10477#primaryimage\"},\"image\":{\"@id\":\"https:\/\/addeara.com\/?product=10477#primaryimage\"},\"thumbnailUrl\":\"https:\/\/addeara.com\/wp-content\/uploads\/2023\/06\/0756.png\",\"datePublished\":\"2023-06-04T22:51:56+00:00\",\"dateModified\":\"2025-04-12T14:52:51+00:00\",\"breadcrumb\":{\"@id\":\"https:\/\/addeara.com\/?product=10477#breadcrumb\"},\"inLanguage\":\"es\",\"potentialAction\":[{\"@type\":\"ReadAction\",\"target\":[\"https:\/\/addeara.com\/?product=10477\"]}]},{\"@type\":\"ImageObject\",\"inLanguage\":\"es\",\"@id\":\"https:\/\/addeara.com\/?product=10477#primaryimage\",\"url\":\"https:\/\/addeara.com\/wp-content\/uploads\/2023\/06\/0756.png\",\"contentUrl\":\"https:\/\/addeara.com\/wp-content\/uploads\/2023\/06\/0756.png\",\"width\":800,\"height\":800},{\"@type\":\"BreadcrumbList\",\"@id\":\"https:\/\/addeara.com\/?product=10477#breadcrumb\",\"itemListElement\":[{\"@type\":\"ListItem\",\"position\":1,\"name\":\"Portada\",\"item\":\"https:\/\/addeara.com\/\"},{\"@type\":\"ListItem\",\"position\":2,\"name\":\"Tienda\",\"item\":\"https:\/\/addeara.com\/?page_id=9610\"}]},{\"@type\":\"WebSite\",\"@id\":\"https:\/\/addeara.com\/#website\",\"url\":\"https:\/\/addeara.com\/\",\"name\":\"Addeara\",\"description\":\"Addeara Shop\",\"alternateName\":\"Addeara Shop\",\"potentialAction\":[{\"@type\":\"SearchAction\",\"target\":{\"@type\":\"EntryPoint\",\"urlTemplate\":\"https:\/\/addeara.com\/?s={search_term_string}\"},\"query-input\":{\"@type\":\"PropertyValueSpecification\",\"valueRequired\":true,\"valueName\":\"search_term_string\"}}],\"inLanguage\":\"es\"}]}<\/script>\n<!-- \/ Yoast SEO plugin. -->","yoast_head_json":{"title":"- Addeara","robots":{"index":"index","follow":"follow","max-snippet":"max-snippet:-1","max-image-preview":"max-image-preview:large","max-video-preview":"max-video-preview:-1"},"canonical":"https:\/\/addeara.com\/?product=10477","og_locale":"es_ES","og_type":"article","og_title":"- Addeara","og_description":"AMJAM Zapatos deportivos de moda para hombre, ligeros, transpirables, de punto con cordones, de malla, para caminar, entrenamiento, zapatos deportivos casuales","og_url":"https:\/\/addeara.com\/?product=10477","og_site_name":"Addeara","article_modified_time":"2025-04-12T14:52:51+00:00","og_image":[{"width":800,"height":800,"url":"https:\/\/addeara.com\/wp-content\/uploads\/2023\/06\/0756.png","type":"image\/png"}],"twitter_card":"summary_large_image","twitter_misc":{"Tiempo de lectura":"1 minuto"},"schema":{"@context":"https:\/\/schema.org","@graph":[{"@type":"WebPage","@id":"https:\/\/addeara.com\/?product=10477","url":"https:\/\/addeara.com\/?product=10477","name":"- Addeara","isPartOf":{"@id":"https:\/\/addeara.com\/#website"},"primaryImageOfPage":{"@id":"https:\/\/addeara.com\/?product=10477#primaryimage"},"image":{"@id":"https:\/\/addeara.com\/?product=10477#primaryimage"},"thumbnailUrl":"https:\/\/addeara.com\/wp-content\/uploads\/2023\/06\/0756.png","datePublished":"2023-06-04T22:51:56+00:00","dateModified":"2025-04-12T14:52:51+00:00","breadcrumb":{"@id":"https:\/\/addeara.com\/?product=10477#breadcrumb"},"inLanguage":"es","potentialAction":[{"@type":"ReadAction","target":["https:\/\/addeara.com\/?product=10477"]}]},{"@type":"ImageObject","inLanguage":"es","@id":"https:\/\/addeara.com\/?product=10477#primaryimage","url":"https:\/\/addeara.com\/wp-content\/uploads\/2023\/06\/0756.png","contentUrl":"https:\/\/addeara.com\/wp-content\/uploads\/2023\/06\/0756.png","width":800,"height":800},{"@type":"BreadcrumbList","@id":"https:\/\/addeara.com\/?product=10477#breadcrumb","itemListElement":[{"@type":"ListItem","position":1,"name":"Portada","item":"https:\/\/addeara.com\/"},{"@type":"ListItem","position":2,"name":"Tienda","item":"https:\/\/addeara.com\/?page_id=9610"}]},{"@type":"WebSite","@id":"https:\/\/addeara.com\/#website","url":"https:\/\/addeara.com\/","name":"Addeara","description":"Addeara Shop","alternateName":"Addeara Shop","potentialAction":[{"@type":"SearchAction","target":{"@type":"EntryPoint","urlTemplate":"https:\/\/addeara.com\/?s={search_term_string}"},"query-input":{"@type":"PropertyValueSpecification","valueRequired":true,"valueName":"search_term_string"}}],"inLanguage":"es"}]}},"_links":{"self":[{"href":"https:\/\/addeara.com\/index.php?rest_route=\/wp\/v2\/product\/10477","targetHints":{"allow":["GET"]}}],"collection":[{"href":"https:\/\/addeara.com\/index.php?rest_route=\/wp\/v2\/product"}],"about":[{"href":"https:\/\/addeara.com\/index.php?rest_route=\/wp\/v2\/types\/product"}],"replies":[{"embeddable":true,"href":"https:\/\/addeara.com\/index.php?rest_route=%2Fwp%2Fv2%2Fcomments&post=10477"}],"version-history":[{"count":0,"href":"https:\/\/addeara.com\/index.php?rest_route=\/wp\/v2\/product\/10477\/revisions"}],"wp:featuredmedia":[{"embeddable":true,"href":"https:\/\/addeara.com\/index.php?rest_route=\/wp\/v2\/media\/10479"}],"wp:attachment":[{"href":"https:\/\/addeara.com\/index.php?rest_route=%2Fwp%2Fv2%2Fmedia&parent=10477"}],"wp:term":[{"taxonomy":"product_brand","embeddable":true,"href":"https:\/\/addeara.com\/index.php?rest_route=%2Fwp%2Fv2%2Fproduct_brand&post=10477"},{"taxonomy":"product_cat","embeddable":true,"href":"https:\/\/addeara.com\/index.php?rest_route=%2Fwp%2Fv2%2Fproduct_cat&post=10477"},{"taxonomy":"product_tag","embeddable":true,"href":"https:\/\/addeara.com\/index.php?rest_route=%2Fwp%2Fv2%2Fproduct_tag&post=10477"}],"curies":[{"name":"wp","href":"https:\/\/api.w.org\/{rel}","templated":true}]}}