{"id":10408,"date":"2023-06-04T20:23:10","date_gmt":"2023-06-04T20:23:10","guid":{"rendered":"https:\/\/addeara.com\/?post_type=product&#038;p=10408"},"modified":"2023-06-04T20:23:10","modified_gmt":"2023-06-04T20:23:10","slug":"bolas-de-beisbol","status":"publish","type":"product","link":"https:\/\/addeara.com\/?product=bolas-de-beisbol","title":{"rendered":"Bolas de b\u00e9isbol"},"content":{"rendered":"<h1 class=\"a-size-base-plus a-text-bold\">Sobre este art\u00edculo<\/h1>\n<ul class=\"a-unordered-list a-vertical a-spacing-mini\">\n<li class=\"a-spacing-mini\"><span class=\"a-list-item\">24 bolas de b\u00e9isbol Olibrs3\/R8U en una cubeta para un f\u00e1cil transporte.<\/span><\/li>\n<li class=\"a-spacing-mini\"><span class=\"a-list-item\">Ideal para jugadores de 8 a\u00f1os o menos.<\/span><\/li>\n<li class=\"a-spacing-mini\"><span class=\"a-list-item\">Puede contener bolas de b\u00e9isbol Olibrs3 o r8u, que son materiales iguales y solo tienen nombres diferentes.<\/span><\/li>\n<li class=\"a-spacing-mini\"><span class=\"a-list-item\">F\u00e1cil de agarrar y lanzar gracias a las fundas de piel sint\u00e9tica con centro de corcho s\u00f3lido y goma.<\/span><\/li>\n<li class=\"a-spacing-mini\"><span class=\"a-list-item\">Cubeta blanca duradera con logotipo de mpounds y parche rojo de rawlings.<\/span><\/li>\n<li class=\"a-spacing-mini\"><span class=\"a-list-item\">La elecci\u00f3n n\u00famero uno de las ligas, entrenadores, padres y jugadores en Am\u00e9rica del Norte.<\/span><\/li>\n<\/ul>\n","protected":false},"excerpt":{"rendered":"<p id=\"title\" class=\"a-size-large a-spacing-none\"><span id=\"productTitle\" class=\"a-size-large product-title-word-break\">Rawlings OLB3BUCK24 &#8211; Bolas de b\u00e9isbol, liga oficial, recreativos, OLB3\/R8U, cubeta con 24 bolas<\/span><\/p>\n","protected":false},"featured_media":10412,"comment_status":"open","ping_status":"closed","template":"","meta":[],"product_brand":[],"product_cat":[84],"product_tag":[],"class_list":{"0":"post-10408","1":"product","2":"type-product","3":"status-publish","4":"has-post-thumbnail","6":"product_cat-deportes","8":"first","9":"instock","10":"shipping-taxable","11":"purchasable","12":"product-type-simple"},"yoast_head":"<!-- This site is optimized with the Yoast SEO plugin v26.7 - https:\/\/yoast.com\/wordpress\/plugins\/seo\/ -->\n<title>Bolas de b\u00e9isbol - Addeara<\/title>\n<meta name=\"robots\" content=\"index, follow, max-snippet:-1, max-image-preview:large, max-video-preview:-1\" \/>\n<link rel=\"canonical\" href=\"https:\/\/addeara.com\/?product=bolas-de-beisbol\" \/>\n<meta property=\"og:locale\" content=\"es_ES\" \/>\n<meta property=\"og:type\" content=\"article\" \/>\n<meta property=\"og:title\" content=\"Bolas de b\u00e9isbol - Addeara\" \/>\n<meta property=\"og:description\" content=\"Rawlings OLB3BUCK24 - Bolas de b\u00e9isbol, liga oficial, recreativos, OLB3\/R8U, cubeta con 24 bolas\" \/>\n<meta property=\"og:url\" content=\"https:\/\/addeara.com\/?product=bolas-de-beisbol\" \/>\n<meta property=\"og:site_name\" content=\"Addeara\" \/>\n<meta property=\"og:image\" content=\"https:\/\/addeara.com\/wp-content\/uploads\/2023\/06\/beisbol-djeiwofh.jpg\" \/>\n\t<meta property=\"og:image:width\" content=\"214\" \/>\n\t<meta property=\"og:image:height\" content=\"235\" \/>\n\t<meta property=\"og:image:type\" content=\"image\/jpeg\" \/>\n<meta name=\"twitter:card\" content=\"summary_large_image\" \/>\n<script type=\"application\/ld+json\" class=\"yoast-schema-graph\">{\"@context\":\"https:\/\/schema.org\",\"@graph\":[{\"@type\":\"WebPage\",\"@id\":\"https:\/\/addeara.com\/?product=bolas-de-beisbol\",\"url\":\"https:\/\/addeara.com\/?product=bolas-de-beisbol\",\"name\":\"Bolas de b\u00e9isbol - Addeara\",\"isPartOf\":{\"@id\":\"https:\/\/addeara.com\/#website\"},\"primaryImageOfPage\":{\"@id\":\"https:\/\/addeara.com\/?product=bolas-de-beisbol#primaryimage\"},\"image\":{\"@id\":\"https:\/\/addeara.com\/?product=bolas-de-beisbol#primaryimage\"},\"thumbnailUrl\":\"https:\/\/addeara.com\/wp-content\/uploads\/2023\/06\/beisbol-djeiwofh.jpg\",\"datePublished\":\"2023-06-04T20:23:10+00:00\",\"breadcrumb\":{\"@id\":\"https:\/\/addeara.com\/?product=bolas-de-beisbol#breadcrumb\"},\"inLanguage\":\"es\",\"potentialAction\":[{\"@type\":\"ReadAction\",\"target\":[\"https:\/\/addeara.com\/?product=bolas-de-beisbol\"]}]},{\"@type\":\"ImageObject\",\"inLanguage\":\"es\",\"@id\":\"https:\/\/addeara.com\/?product=bolas-de-beisbol#primaryimage\",\"url\":\"https:\/\/addeara.com\/wp-content\/uploads\/2023\/06\/beisbol-djeiwofh.jpg\",\"contentUrl\":\"https:\/\/addeara.com\/wp-content\/uploads\/2023\/06\/beisbol-djeiwofh.jpg\",\"width\":214,\"height\":235},{\"@type\":\"BreadcrumbList\",\"@id\":\"https:\/\/addeara.com\/?product=bolas-de-beisbol#breadcrumb\",\"itemListElement\":[{\"@type\":\"ListItem\",\"position\":1,\"name\":\"Portada\",\"item\":\"https:\/\/addeara.com\/\"},{\"@type\":\"ListItem\",\"position\":2,\"name\":\"Tienda\",\"item\":\"https:\/\/addeara.com\/?page_id=9610\"},{\"@type\":\"ListItem\",\"position\":3,\"name\":\"Bolas de b\u00e9isbol\"}]},{\"@type\":\"WebSite\",\"@id\":\"https:\/\/addeara.com\/#website\",\"url\":\"https:\/\/addeara.com\/\",\"name\":\"Addeara\",\"description\":\"Addeara Shop\",\"alternateName\":\"Addeara Shop\",\"potentialAction\":[{\"@type\":\"SearchAction\",\"target\":{\"@type\":\"EntryPoint\",\"urlTemplate\":\"https:\/\/addeara.com\/?s={search_term_string}\"},\"query-input\":{\"@type\":\"PropertyValueSpecification\",\"valueRequired\":true,\"valueName\":\"search_term_string\"}}],\"inLanguage\":\"es\"}]}<\/script>\n<!-- \/ Yoast SEO plugin. -->","yoast_head_json":{"title":"Bolas de b\u00e9isbol - Addeara","robots":{"index":"index","follow":"follow","max-snippet":"max-snippet:-1","max-image-preview":"max-image-preview:large","max-video-preview":"max-video-preview:-1"},"canonical":"https:\/\/addeara.com\/?product=bolas-de-beisbol","og_locale":"es_ES","og_type":"article","og_title":"Bolas de b\u00e9isbol - Addeara","og_description":"Rawlings OLB3BUCK24 - Bolas de b\u00e9isbol, liga oficial, recreativos, OLB3\/R8U, cubeta con 24 bolas","og_url":"https:\/\/addeara.com\/?product=bolas-de-beisbol","og_site_name":"Addeara","og_image":[{"width":214,"height":235,"url":"https:\/\/addeara.com\/wp-content\/uploads\/2023\/06\/beisbol-djeiwofh.jpg","type":"image\/jpeg"}],"twitter_card":"summary_large_image","schema":{"@context":"https:\/\/schema.org","@graph":[{"@type":"WebPage","@id":"https:\/\/addeara.com\/?product=bolas-de-beisbol","url":"https:\/\/addeara.com\/?product=bolas-de-beisbol","name":"Bolas de b\u00e9isbol - Addeara","isPartOf":{"@id":"https:\/\/addeara.com\/#website"},"primaryImageOfPage":{"@id":"https:\/\/addeara.com\/?product=bolas-de-beisbol#primaryimage"},"image":{"@id":"https:\/\/addeara.com\/?product=bolas-de-beisbol#primaryimage"},"thumbnailUrl":"https:\/\/addeara.com\/wp-content\/uploads\/2023\/06\/beisbol-djeiwofh.jpg","datePublished":"2023-06-04T20:23:10+00:00","breadcrumb":{"@id":"https:\/\/addeara.com\/?product=bolas-de-beisbol#breadcrumb"},"inLanguage":"es","potentialAction":[{"@type":"ReadAction","target":["https:\/\/addeara.com\/?product=bolas-de-beisbol"]}]},{"@type":"ImageObject","inLanguage":"es","@id":"https:\/\/addeara.com\/?product=bolas-de-beisbol#primaryimage","url":"https:\/\/addeara.com\/wp-content\/uploads\/2023\/06\/beisbol-djeiwofh.jpg","contentUrl":"https:\/\/addeara.com\/wp-content\/uploads\/2023\/06\/beisbol-djeiwofh.jpg","width":214,"height":235},{"@type":"BreadcrumbList","@id":"https:\/\/addeara.com\/?product=bolas-de-beisbol#breadcrumb","itemListElement":[{"@type":"ListItem","position":1,"name":"Portada","item":"https:\/\/addeara.com\/"},{"@type":"ListItem","position":2,"name":"Tienda","item":"https:\/\/addeara.com\/?page_id=9610"},{"@type":"ListItem","position":3,"name":"Bolas de b\u00e9isbol"}]},{"@type":"WebSite","@id":"https:\/\/addeara.com\/#website","url":"https:\/\/addeara.com\/","name":"Addeara","description":"Addeara Shop","alternateName":"Addeara Shop","potentialAction":[{"@type":"SearchAction","target":{"@type":"EntryPoint","urlTemplate":"https:\/\/addeara.com\/?s={search_term_string}"},"query-input":{"@type":"PropertyValueSpecification","valueRequired":true,"valueName":"search_term_string"}}],"inLanguage":"es"}]}},"_links":{"self":[{"href":"https:\/\/addeara.com\/index.php?rest_route=\/wp\/v2\/product\/10408","targetHints":{"allow":["GET"]}}],"collection":[{"href":"https:\/\/addeara.com\/index.php?rest_route=\/wp\/v2\/product"}],"about":[{"href":"https:\/\/addeara.com\/index.php?rest_route=\/wp\/v2\/types\/product"}],"replies":[{"embeddable":true,"href":"https:\/\/addeara.com\/index.php?rest_route=%2Fwp%2Fv2%2Fcomments&post=10408"}],"version-history":[{"count":0,"href":"https:\/\/addeara.com\/index.php?rest_route=\/wp\/v2\/product\/10408\/revisions"}],"wp:featuredmedia":[{"embeddable":true,"href":"https:\/\/addeara.com\/index.php?rest_route=\/wp\/v2\/media\/10412"}],"wp:attachment":[{"href":"https:\/\/addeara.com\/index.php?rest_route=%2Fwp%2Fv2%2Fmedia&parent=10408"}],"wp:term":[{"taxonomy":"product_brand","embeddable":true,"href":"https:\/\/addeara.com\/index.php?rest_route=%2Fwp%2Fv2%2Fproduct_brand&post=10408"},{"taxonomy":"product_cat","embeddable":true,"href":"https:\/\/addeara.com\/index.php?rest_route=%2Fwp%2Fv2%2Fproduct_cat&post=10408"},{"taxonomy":"product_tag","embeddable":true,"href":"https:\/\/addeara.com\/index.php?rest_route=%2Fwp%2Fv2%2Fproduct_tag&post=10408"}],"curies":[{"name":"wp","href":"https:\/\/api.w.org\/{rel}","templated":true}]}}