{"id":10367,"date":"2023-06-04T17:41:53","date_gmt":"2023-06-04T17:41:53","guid":{"rendered":"https:\/\/addeara.com\/?post_type=product&#038;p=10367"},"modified":"2023-06-04T17:54:54","modified_gmt":"2023-06-04T17:54:54","slug":"gatorade-clasico","status":"publish","type":"product","link":"https:\/\/addeara.com\/?product=gatorade-clasico","title":{"rendered":"Gatorade cl\u00e1sico"},"content":{"rendered":"<ul class=\"a-unordered-list a-vertical a-spacing-mini\">\n<li class=\"a-spacing-mini\"><span class=\"a-list-item\">No cuentes los d\u00edas. Haz que los d\u00edas cuenten. Agarra tu equipo de entrenamiento en casa y luego reabastezca durante tu entrenamiento en casa con los carbohidratos y electrolitos de Gatorade para saciar la sed.<\/span><\/li>\n<li class=\"a-spacing-mini\"><span class=\"a-list-item\">Cuando sudas, pierdes m\u00e1s que agua. Gatorade para saciar la sed contiene electrolitos cr\u00edticos para ayudar a reemplazar lo que se pierde en el sudor.<\/span><\/li>\n<li class=\"a-spacing-mini\"><span class=\"a-list-item\">Complementa tus tiendas de combustible con energ\u00eda de carbohidratos, la fuente de combustible preferida de tu cuerpo.<\/span><\/li>\n<li class=\"a-spacing-mini\"><span class=\"a-list-item\">Probado en el laboratorio y utilizado por los profesionales<\/span><\/li>\n<li class=\"a-spacing-mini\"><span class=\"a-list-item\">Los sabores incluyen: (6) lima lim\u00f3n, (6) naranja, (6) ponche de frutas y (6) bayas<\/span><\/li>\n<li class=\"a-spacing-mini\"><span class=\"a-list-item\">Botellas de 12 onzas (paquete de 24)<\/span><\/li>\n<\/ul>\n","protected":false},"excerpt":{"rendered":"<p id=\"title\" class=\"a-size-large a-spacing-none\"><span id=\"productTitle\" class=\"a-size-large product-title-word-break\">Gatorade cl\u00e1sico para saciar la sed, paquete variado, 12 onzas l\u00edquidas (paquete de 24)<\/span><\/p>\n","protected":false},"featured_media":10368,"comment_status":"open","ping_status":"closed","template":"","meta":[],"product_brand":[],"product_cat":[16],"product_tag":[],"class_list":{"0":"post-10367","1":"product","2":"type-product","3":"status-publish","4":"has-post-thumbnail","6":"product_cat-alimentos-y-abarrotes","8":"first","9":"instock","10":"shipping-taxable","11":"purchasable","12":"product-type-simple"},"yoast_head":"<!-- This site is optimized with the Yoast SEO plugin v26.7 - https:\/\/yoast.com\/wordpress\/plugins\/seo\/ -->\n<title>Gatorade cl\u00e1sico - Addeara<\/title>\n<meta name=\"robots\" content=\"index, follow, max-snippet:-1, max-image-preview:large, max-video-preview:-1\" \/>\n<link rel=\"canonical\" href=\"https:\/\/addeara.com\/?product=gatorade-clasico\" \/>\n<meta property=\"og:locale\" content=\"es_ES\" \/>\n<meta property=\"og:type\" content=\"article\" \/>\n<meta property=\"og:title\" content=\"Gatorade cl\u00e1sico - Addeara\" \/>\n<meta property=\"og:description\" content=\"Gatorade cl\u00e1sico para saciar la sed, paquete variado, 12 onzas l\u00edquidas (paquete de 24)\" \/>\n<meta property=\"og:url\" content=\"https:\/\/addeara.com\/?product=gatorade-clasico\" \/>\n<meta property=\"og:site_name\" content=\"Addeara\" \/>\n<meta property=\"article:modified_time\" content=\"2023-06-04T17:54:54+00:00\" \/>\n<meta property=\"og:image\" content=\"https:\/\/addeara.com\/wp-content\/uploads\/2023\/06\/descarga-1.jpg\" \/>\n\t<meta property=\"og:image:width\" content=\"225\" \/>\n\t<meta property=\"og:image:height\" content=\"225\" \/>\n\t<meta property=\"og:image:type\" content=\"image\/jpeg\" \/>\n<meta name=\"twitter:card\" content=\"summary_large_image\" \/>\n<meta name=\"twitter:label1\" content=\"Tiempo de lectura\" \/>\n\t<meta name=\"twitter:data1\" content=\"1 minuto\" \/>\n<script type=\"application\/ld+json\" class=\"yoast-schema-graph\">{\"@context\":\"https:\/\/schema.org\",\"@graph\":[{\"@type\":\"WebPage\",\"@id\":\"https:\/\/addeara.com\/?product=gatorade-clasico\",\"url\":\"https:\/\/addeara.com\/?product=gatorade-clasico\",\"name\":\"Gatorade cl\u00e1sico - Addeara\",\"isPartOf\":{\"@id\":\"https:\/\/addeara.com\/#website\"},\"primaryImageOfPage\":{\"@id\":\"https:\/\/addeara.com\/?product=gatorade-clasico#primaryimage\"},\"image\":{\"@id\":\"https:\/\/addeara.com\/?product=gatorade-clasico#primaryimage\"},\"thumbnailUrl\":\"https:\/\/addeara.com\/wp-content\/uploads\/2023\/06\/descarga-1.jpg\",\"datePublished\":\"2023-06-04T17:41:53+00:00\",\"dateModified\":\"2023-06-04T17:54:54+00:00\",\"breadcrumb\":{\"@id\":\"https:\/\/addeara.com\/?product=gatorade-clasico#breadcrumb\"},\"inLanguage\":\"es\",\"potentialAction\":[{\"@type\":\"ReadAction\",\"target\":[\"https:\/\/addeara.com\/?product=gatorade-clasico\"]}]},{\"@type\":\"ImageObject\",\"inLanguage\":\"es\",\"@id\":\"https:\/\/addeara.com\/?product=gatorade-clasico#primaryimage\",\"url\":\"https:\/\/addeara.com\/wp-content\/uploads\/2023\/06\/descarga-1.jpg\",\"contentUrl\":\"https:\/\/addeara.com\/wp-content\/uploads\/2023\/06\/descarga-1.jpg\",\"width\":225,\"height\":225},{\"@type\":\"BreadcrumbList\",\"@id\":\"https:\/\/addeara.com\/?product=gatorade-clasico#breadcrumb\",\"itemListElement\":[{\"@type\":\"ListItem\",\"position\":1,\"name\":\"Portada\",\"item\":\"https:\/\/addeara.com\/\"},{\"@type\":\"ListItem\",\"position\":2,\"name\":\"Tienda\",\"item\":\"https:\/\/addeara.com\/?page_id=9610\"},{\"@type\":\"ListItem\",\"position\":3,\"name\":\"Gatorade cl\u00e1sico\"}]},{\"@type\":\"WebSite\",\"@id\":\"https:\/\/addeara.com\/#website\",\"url\":\"https:\/\/addeara.com\/\",\"name\":\"Addeara\",\"description\":\"Addeara Shop\",\"alternateName\":\"Addeara Shop\",\"potentialAction\":[{\"@type\":\"SearchAction\",\"target\":{\"@type\":\"EntryPoint\",\"urlTemplate\":\"https:\/\/addeara.com\/?s={search_term_string}\"},\"query-input\":{\"@type\":\"PropertyValueSpecification\",\"valueRequired\":true,\"valueName\":\"search_term_string\"}}],\"inLanguage\":\"es\"}]}<\/script>\n<!-- \/ Yoast SEO plugin. -->","yoast_head_json":{"title":"Gatorade cl\u00e1sico - Addeara","robots":{"index":"index","follow":"follow","max-snippet":"max-snippet:-1","max-image-preview":"max-image-preview:large","max-video-preview":"max-video-preview:-1"},"canonical":"https:\/\/addeara.com\/?product=gatorade-clasico","og_locale":"es_ES","og_type":"article","og_title":"Gatorade cl\u00e1sico - Addeara","og_description":"Gatorade cl\u00e1sico para saciar la sed, paquete variado, 12 onzas l\u00edquidas (paquete de 24)","og_url":"https:\/\/addeara.com\/?product=gatorade-clasico","og_site_name":"Addeara","article_modified_time":"2023-06-04T17:54:54+00:00","og_image":[{"width":225,"height":225,"url":"https:\/\/addeara.com\/wp-content\/uploads\/2023\/06\/descarga-1.jpg","type":"image\/jpeg"}],"twitter_card":"summary_large_image","twitter_misc":{"Tiempo de lectura":"1 minuto"},"schema":{"@context":"https:\/\/schema.org","@graph":[{"@type":"WebPage","@id":"https:\/\/addeara.com\/?product=gatorade-clasico","url":"https:\/\/addeara.com\/?product=gatorade-clasico","name":"Gatorade cl\u00e1sico - Addeara","isPartOf":{"@id":"https:\/\/addeara.com\/#website"},"primaryImageOfPage":{"@id":"https:\/\/addeara.com\/?product=gatorade-clasico#primaryimage"},"image":{"@id":"https:\/\/addeara.com\/?product=gatorade-clasico#primaryimage"},"thumbnailUrl":"https:\/\/addeara.com\/wp-content\/uploads\/2023\/06\/descarga-1.jpg","datePublished":"2023-06-04T17:41:53+00:00","dateModified":"2023-06-04T17:54:54+00:00","breadcrumb":{"@id":"https:\/\/addeara.com\/?product=gatorade-clasico#breadcrumb"},"inLanguage":"es","potentialAction":[{"@type":"ReadAction","target":["https:\/\/addeara.com\/?product=gatorade-clasico"]}]},{"@type":"ImageObject","inLanguage":"es","@id":"https:\/\/addeara.com\/?product=gatorade-clasico#primaryimage","url":"https:\/\/addeara.com\/wp-content\/uploads\/2023\/06\/descarga-1.jpg","contentUrl":"https:\/\/addeara.com\/wp-content\/uploads\/2023\/06\/descarga-1.jpg","width":225,"height":225},{"@type":"BreadcrumbList","@id":"https:\/\/addeara.com\/?product=gatorade-clasico#breadcrumb","itemListElement":[{"@type":"ListItem","position":1,"name":"Portada","item":"https:\/\/addeara.com\/"},{"@type":"ListItem","position":2,"name":"Tienda","item":"https:\/\/addeara.com\/?page_id=9610"},{"@type":"ListItem","position":3,"name":"Gatorade cl\u00e1sico"}]},{"@type":"WebSite","@id":"https:\/\/addeara.com\/#website","url":"https:\/\/addeara.com\/","name":"Addeara","description":"Addeara Shop","alternateName":"Addeara Shop","potentialAction":[{"@type":"SearchAction","target":{"@type":"EntryPoint","urlTemplate":"https:\/\/addeara.com\/?s={search_term_string}"},"query-input":{"@type":"PropertyValueSpecification","valueRequired":true,"valueName":"search_term_string"}}],"inLanguage":"es"}]}},"_links":{"self":[{"href":"https:\/\/addeara.com\/index.php?rest_route=\/wp\/v2\/product\/10367","targetHints":{"allow":["GET"]}}],"collection":[{"href":"https:\/\/addeara.com\/index.php?rest_route=\/wp\/v2\/product"}],"about":[{"href":"https:\/\/addeara.com\/index.php?rest_route=\/wp\/v2\/types\/product"}],"replies":[{"embeddable":true,"href":"https:\/\/addeara.com\/index.php?rest_route=%2Fwp%2Fv2%2Fcomments&post=10367"}],"version-history":[{"count":0,"href":"https:\/\/addeara.com\/index.php?rest_route=\/wp\/v2\/product\/10367\/revisions"}],"wp:featuredmedia":[{"embeddable":true,"href":"https:\/\/addeara.com\/index.php?rest_route=\/wp\/v2\/media\/10368"}],"wp:attachment":[{"href":"https:\/\/addeara.com\/index.php?rest_route=%2Fwp%2Fv2%2Fmedia&parent=10367"}],"wp:term":[{"taxonomy":"product_brand","embeddable":true,"href":"https:\/\/addeara.com\/index.php?rest_route=%2Fwp%2Fv2%2Fproduct_brand&post=10367"},{"taxonomy":"product_cat","embeddable":true,"href":"https:\/\/addeara.com\/index.php?rest_route=%2Fwp%2Fv2%2Fproduct_cat&post=10367"},{"taxonomy":"product_tag","embeddable":true,"href":"https:\/\/addeara.com\/index.php?rest_route=%2Fwp%2Fv2%2Fproduct_tag&post=10367"}],"curies":[{"name":"wp","href":"https:\/\/api.w.org\/{rel}","templated":true}]}}